{"id":423,"date":"2021-03-15T11:01:02","date_gmt":"2021-03-15T10:01:02","guid":{"rendered":"https:\/\/pdmfab.fr\/privacy-policy\/"},"modified":"2021-03-25T11:20:41","modified_gmt":"2021-03-25T10:20:41","slug":"privacy-policy","status":"publish","type":"page","link":"https:\/\/pdmfab.fr\/en\/privacy-policy\/","title":{"rendered":"Privacy Policy"},"content":{"rendered":"\n<h2 class=\"wp-block-heading\"><strong>Use of personal data collected<\/strong><\/h2>\n\n\n\n<p>In general, it is possible to visit the site without providing us with any personal data. However, in the event of a refusal, you may not be able to benefit from certain information or services that are offered to you.<\/p>\n\n\n\n<p>As such, PDMFAB may ask you to enter your name, first name, email address, telephone, company. By providing this information, you expressly agree that it will be processed by PDMFAB, for the purposes indicated below.<\/p>\n\n\n\n<p><strong>Identity of the data controller<\/strong><\/p>\n\n\n\n<p>The data controller is the company<\/p>\n\n\n\n<p>PDMFAB &#8211; +33(0) 556 680 405<\/p>\n\n\n\n<p><strong>Purposes of processing<\/strong><\/p>\n\n\n\n<p>PDMFAB est susceptible de traiter vos donn\u00e9es personnelles :<\/p>\n\n\n\n<ul class=\"wp-block-list\"><li>In order to provide you with the information or services requested (in particular sending documentation, sending quotes)<\/li><li>In order to collect information for analytical purposes, allowing us to improve our site and our services.<\/li><\/ul>\n\n\n\n<p><strong>The duration of the conversation<\/strong><\/p>\n\n\n\n<p>Your Personal Information is kept by PDMFAB only for the time corresponding to the purpose of the collection as indicated above. It cannot in any case exceed 24 months.<\/p>\n\n\n\n<p><strong>Access rights to Personal Data<\/strong><\/p>\n\n\n\n<p>You have the following rights regarding your Personal Information, which you can exercise by writing to us at the postal address or by email at <a href=\"https:\/\/www.compos-it.fr\/personaldata@compos-it.fr\">personaldata@pdmfab.fr<\/a><\/p>\n\n\n\n<p><strong>Right of access to data<\/strong><\/p>\n\n\n\n<p>You have the right to access Personal Data concerning you, provided that you provide proof of your identity. Your request will be processed within 15 working days.<\/p>\n\n\n\n<p>To help you in your process, in particular if you wish to exercise your right of access by means of a written request to the postal address, you will find by clicking on<a href=\"https:\/\/www.cnil.fr\/fr\/modele\/courrier\/exercer-son-droit-dacces\" target=\"_blank\" rel=\"noreferrer noopener\">the following link<\/a> a model letter developed by the National Commission of &#8216;Informatique et des Libert\u00e9s (the \u201cCNIL\u201d).<\/p>\n\n\n\n<p><strong>Right to rectify or delete data<\/strong><\/p>\n\n\n\n<p>Under this right, the legislation empowers you to request the rectification, updating, blocking or even erasure of data concerning you which may prove to be inaccurate, erroneous, incomplete or obsolete.<\/p>\n\n\n\n<p>To help you in your process, in particular if you wish to exercise your right of rectification by means of a written request to the postal address, you will find by clicking on<a href=\"https:\/\/www.cnil.fr\/fr\/modele\/courrier\/rectifier-des-donnees-inexactes-obsoletes-ou-perimees\" target=\"_blank\" rel=\"noreferrer noopener\">the following link<\/a> a model letter prepared by the CNIL.<\/p>\n\n\n\n<p><strong>Cookies<\/strong><\/p>\n\n\n\n<p>During your first visit to the site, you are warned by a banner that information relating to your browsing may be saved in &#8220;cookies&#8221; files. &#8220;Cookies&#8221; are small text files of limited size which allow your computer, tablet or smartphone to be recognized in order to personalize the services offered by the site.<\/p>\n\n\n\n<p>This information does not allow you to be identified by name. They are used primarily to improve the user experience and the performance of our site.<\/p>\n\n\n\n<p>The site uses tools such as Google Analytics to track visitor activity and provide you with an optimal user experience. The information thus collected may include geolocation data or contact information. We are committed to ensuring that the data is used exclusively for our needs and in accordance with our instructions, in compliance with European regulations. Appropriate measures for securing and protecting the confidentiality of data are implemented in order to guarantee their confidentiality.<\/p>\n\n\n\n<p>Most Internet browsers are configured by default so that the deposit of cookies is authorized. You can change these settings so that all cookies are systematically rejected or that only some cookies are accepted or refused depending on their issuer.<br>The refusal of the deposit of cookies is nevertheless likely to alter your user experience as well as your access to certain services or features of this website.<\/p>\n\n\n\n<p>Documentation concerning the modification of the cookie settings:<\/p>\n\n\n\n<ul class=\"wp-block-list\"><li>Chrome : <a href=\"https:\/\/support.google.com\/chrome\/answer\/95647?hl=fr\">https:\/\/support.google.com\/chrome\/answer\/95647?hl=fr<\/a><\/li><li>Mozilla Firefox : <a href=\"https:\/\/support.mozilla.org\/fr\/kb\/activer-desactiver-cookies\" target=\"_blank\" rel=\"noreferrer noopener\">https:\/\/support.mozilla.org\/fr\/kb\/activer-desactiver-cookies<\/a><\/li><li>Internet Explorer : <a href=\"https:\/\/support.microsoft.com\/fr-fr\/help\/17442\/windows-internet-explorer-delete-manage-cookies#ie=ie-11\" target=\"_blank\" rel=\"noreferrer noopener\">https:\/\/support.microsoft.com\/fr-fr\/help\/17442\/windows-internet-explorer-delete-manage-cookies#ie=ie-11<\/a><\/li><li>Opera : <a href=\"http:\/\/help.opera.com\/Windows\/10.20\/fr\/cookies.html\" target=\"_blank\" rel=\"noreferrer noopener\">http:\/\/help.opera.com\/Windows\/10.20\/fr\/cookies.html<\/a><\/li><li>Safari : <a href=\"https:\/\/support.apple.com\/kb\/PH21411?viewlocale=fr_FR&amp;locale=fr_FR\" target=\"_blank\" rel=\"noreferrer noopener\">https:\/\/support.apple.com\/kb\/PH21411?viewlocale=fr_FR&amp;locale=fr_FR<\/a><\/li><\/ul>\n","protected":false},"excerpt":{"rendered":"<p>Use of personal data collected In general, it is possible to visit the site without providing us with any personal data. However, in the event of a refusal, you may not be able to benefit from certain information or services that are offered to you. As such, PDMFAB may ask you to enter your name, [&hellip;]<\/p>\n","protected":false},"author":1,"featured_media":0,"parent":0,"menu_order":0,"comment_status":"closed","ping_status":"open","template":"tp-content.php","meta":{"_acf_changed":false,"footnotes":""},"class_list":["post-423","page","type-page","status-publish","hentry"],"acf":[],"yoast_head":"<!-- This site is optimized with the Yoast SEO plugin v21.5 - https:\/\/yoast.com\/wordpress\/plugins\/seo\/ -->\n<title>Privacy Policy - PDMFAB - Solutions Polym\u00e8res<\/title>\n<meta name=\"robots\" content=\"noindex, follow\" \/>\n<meta property=\"og:locale\" content=\"en_US\" \/>\n<meta property=\"og:type\" content=\"article\" \/>\n<meta property=\"og:title\" content=\"Privacy Policy - PDMFAB - Solutions Polym\u00e8res\" \/>\n<meta property=\"og:description\" content=\"Use of personal data collected In general, it is possible to visit the site without providing us with any personal data. However, in the event of a refusal, you may not be able to benefit from certain information or services that are offered to you. As such, PDMFAB may ask you to enter your name, [&hellip;]\" \/>\n<meta property=\"og:url\" content=\"https:\/\/pdmfab.fr\/en\/privacy-policy\/\" \/>\n<meta property=\"og:site_name\" content=\"PDMFAB - Solutions Polym\u00e8res\" \/>\n<meta property=\"article:modified_time\" content=\"2021-03-25T10:20:41+00:00\" \/>\n<meta name=\"twitter:card\" content=\"summary_large_image\" \/>\n<meta name=\"twitter:label1\" content=\"Est. reading time\" \/>\n\t<meta name=\"twitter:data1\" content=\"3 minutes\" \/>\n<script type=\"application\/ld+json\" class=\"yoast-schema-graph\">{\"@context\":\"https:\/\/schema.org\",\"@graph\":[{\"@type\":\"WebPage\",\"@id\":\"https:\/\/pdmfab.fr\/en\/privacy-policy\/\",\"url\":\"https:\/\/pdmfab.fr\/en\/privacy-policy\/\",\"name\":\"Privacy Policy - PDMFAB - Solutions Polym\u00e8res\",\"isPartOf\":{\"@id\":\"https:\/\/pdmfab.fr\/en\/#website\"},\"datePublished\":\"2021-03-15T10:01:02+00:00\",\"dateModified\":\"2021-03-25T10:20:41+00:00\",\"breadcrumb\":{\"@id\":\"https:\/\/pdmfab.fr\/en\/privacy-policy\/#breadcrumb\"},\"inLanguage\":\"en-US\",\"potentialAction\":[{\"@type\":\"ReadAction\",\"target\":[\"https:\/\/pdmfab.fr\/en\/privacy-policy\/\"]}]},{\"@type\":\"BreadcrumbList\",\"@id\":\"https:\/\/pdmfab.fr\/en\/privacy-policy\/#breadcrumb\",\"itemListElement\":[{\"@type\":\"ListItem\",\"position\":1,\"name\":\"Accueil\",\"item\":\"https:\/\/pdmfab.fr\/en\/\"},{\"@type\":\"ListItem\",\"position\":2,\"name\":\"Privacy Policy\"}]},{\"@type\":\"WebSite\",\"@id\":\"https:\/\/pdmfab.fr\/en\/#website\",\"url\":\"https:\/\/pdmfab.fr\/en\/\",\"name\":\"PDMFAB - Solutions Polym\u00e8res\",\"description\":\"Formulation et fabrication de d\u00e9riv\u00e9s de r\u00e9sines polyester\",\"publisher\":{\"@id\":\"https:\/\/pdmfab.fr\/en\/#organization\"},\"potentialAction\":[{\"@type\":\"SearchAction\",\"target\":{\"@type\":\"EntryPoint\",\"urlTemplate\":\"https:\/\/pdmfab.fr\/en\/?s={search_term_string}\"},\"query-input\":\"required name=search_term_string\"}],\"inLanguage\":\"en-US\"},{\"@type\":\"Organization\",\"@id\":\"https:\/\/pdmfab.fr\/en\/#organization\",\"name\":\"PDMFAB\",\"url\":\"https:\/\/pdmfab.fr\/en\/\",\"logo\":{\"@type\":\"ImageObject\",\"inLanguage\":\"en-US\",\"@id\":\"https:\/\/pdmfab.fr\/en\/#\/schema\/logo\/image\/\",\"url\":\"https:\/\/pdmfab.fr\/wp-content\/uploads\/2021\/04\/logo.png\",\"contentUrl\":\"https:\/\/pdmfab.fr\/wp-content\/uploads\/2021\/04\/logo.png\",\"width\":330,\"height\":70,\"caption\":\"PDMFAB\"},\"image\":{\"@id\":\"https:\/\/pdmfab.fr\/en\/#\/schema\/logo\/image\/\"}}]}<\/script>\n<!-- \/ Yoast SEO plugin. -->","yoast_head_json":{"title":"Privacy Policy - PDMFAB - Solutions Polym\u00e8res","robots":{"index":"noindex","follow":"follow"},"og_locale":"en_US","og_type":"article","og_title":"Privacy Policy - PDMFAB - Solutions Polym\u00e8res","og_description":"Use of personal data collected In general, it is possible to visit the site without providing us with any personal data. However, in the event of a refusal, you may not be able to benefit from certain information or services that are offered to you. As such, PDMFAB may ask you to enter your name, [&hellip;]","og_url":"https:\/\/pdmfab.fr\/en\/privacy-policy\/","og_site_name":"PDMFAB - Solutions Polym\u00e8res","article_modified_time":"2021-03-25T10:20:41+00:00","twitter_card":"summary_large_image","twitter_misc":{"Est. reading time":"3 minutes"},"schema":{"@context":"https:\/\/schema.org","@graph":[{"@type":"WebPage","@id":"https:\/\/pdmfab.fr\/en\/privacy-policy\/","url":"https:\/\/pdmfab.fr\/en\/privacy-policy\/","name":"Privacy Policy - PDMFAB - Solutions Polym\u00e8res","isPartOf":{"@id":"https:\/\/pdmfab.fr\/en\/#website"},"datePublished":"2021-03-15T10:01:02+00:00","dateModified":"2021-03-25T10:20:41+00:00","breadcrumb":{"@id":"https:\/\/pdmfab.fr\/en\/privacy-policy\/#breadcrumb"},"inLanguage":"en-US","potentialAction":[{"@type":"ReadAction","target":["https:\/\/pdmfab.fr\/en\/privacy-policy\/"]}]},{"@type":"BreadcrumbList","@id":"https:\/\/pdmfab.fr\/en\/privacy-policy\/#breadcrumb","itemListElement":[{"@type":"ListItem","position":1,"name":"Accueil","item":"https:\/\/pdmfab.fr\/en\/"},{"@type":"ListItem","position":2,"name":"Privacy Policy"}]},{"@type":"WebSite","@id":"https:\/\/pdmfab.fr\/en\/#website","url":"https:\/\/pdmfab.fr\/en\/","name":"PDMFAB - Solutions Polym\u00e8res","description":"Formulation et fabrication de d\u00e9riv\u00e9s de r\u00e9sines polyester","publisher":{"@id":"https:\/\/pdmfab.fr\/en\/#organization"},"potentialAction":[{"@type":"SearchAction","target":{"@type":"EntryPoint","urlTemplate":"https:\/\/pdmfab.fr\/en\/?s={search_term_string}"},"query-input":"required name=search_term_string"}],"inLanguage":"en-US"},{"@type":"Organization","@id":"https:\/\/pdmfab.fr\/en\/#organization","name":"PDMFAB","url":"https:\/\/pdmfab.fr\/en\/","logo":{"@type":"ImageObject","inLanguage":"en-US","@id":"https:\/\/pdmfab.fr\/en\/#\/schema\/logo\/image\/","url":"https:\/\/pdmfab.fr\/wp-content\/uploads\/2021\/04\/logo.png","contentUrl":"https:\/\/pdmfab.fr\/wp-content\/uploads\/2021\/04\/logo.png","width":330,"height":70,"caption":"PDMFAB"},"image":{"@id":"https:\/\/pdmfab.fr\/en\/#\/schema\/logo\/image\/"}}]}},"_links":{"self":[{"href":"https:\/\/pdmfab.fr\/en\/wp-json\/wp\/v2\/pages\/423","targetHints":{"allow":["GET"]}}],"collection":[{"href":"https:\/\/pdmfab.fr\/en\/wp-json\/wp\/v2\/pages"}],"about":[{"href":"https:\/\/pdmfab.fr\/en\/wp-json\/wp\/v2\/types\/page"}],"author":[{"embeddable":true,"href":"https:\/\/pdmfab.fr\/en\/wp-json\/wp\/v2\/users\/1"}],"replies":[{"embeddable":true,"href":"https:\/\/pdmfab.fr\/en\/wp-json\/wp\/v2\/comments?post=423"}],"version-history":[{"count":4,"href":"https:\/\/pdmfab.fr\/en\/wp-json\/wp\/v2\/pages\/423\/revisions"}],"predecessor-version":[{"id":666,"href":"https:\/\/pdmfab.fr\/en\/wp-json\/wp\/v2\/pages\/423\/revisions\/666"}],"wp:attachment":[{"href":"https:\/\/pdmfab.fr\/en\/wp-json\/wp\/v2\/media?parent=423"}],"curies":[{"name":"wp","href":"https:\/\/api.w.org\/{rel}","templated":true}]}}