{"id":420,"date":"2021-03-15T10:52:29","date_gmt":"2021-03-15T09:52:29","guid":{"rendered":"https:\/\/pdmfab.fr\/contact\/"},"modified":"2021-03-15T10:52:31","modified_gmt":"2021-03-15T09:52:31","slug":"contact","status":"publish","type":"page","link":"https:\/\/pdmfab.fr\/en\/contact\/","title":{"rendered":"Contact"},"content":{"rendered":"\n<h1 class=\"wp-block-heading\">Contact us<\/h1>\n\n<p>For any information, request for information on our products and their availability, do not hesitate to contact us.<\/p>\n\n<div class=\"wp-block-columns is-layout-flex wp-container-core-columns-is-layout-9d6595d7 wp-block-columns-is-layout-flex\">\n<div class=\"wp-block-column is-layout-flow wp-block-column-is-layout-flow\">\n<div class=\"wpcf7 no-js\" id=\"wpcf7-f537-o1\" lang=\"en-US\" dir=\"ltr\">\n<div class=\"screen-reader-response\"><p role=\"status\" aria-live=\"polite\" aria-atomic=\"true\"><\/p> <ul><\/ul><\/div>\n<form action=\"\/en\/wp-json\/wp\/v2\/pages\/420#wpcf7-f537-o1\" method=\"post\" class=\"wpcf7-form init\" aria-label=\"Contact form\" novalidate=\"novalidate\" data-status=\"init\">\n<div style=\"display: none;\">\n<input type=\"hidden\" name=\"_wpcf7\" value=\"537\" \/>\n<input type=\"hidden\" name=\"_wpcf7_version\" value=\"5.8.2\" \/>\n<input type=\"hidden\" name=\"_wpcf7_locale\" value=\"en_US\" \/>\n<input type=\"hidden\" name=\"_wpcf7_unit_tag\" value=\"wpcf7-f537-o1\" \/>\n<input type=\"hidden\" name=\"_wpcf7_container_post\" value=\"0\" \/>\n<input type=\"hidden\" name=\"_wpcf7_posted_data_hash\" value=\"\" \/>\n<input type=\"hidden\" name=\"_wpcf7_recaptcha_response\" value=\"\" \/>\n<\/div>\n<div class=\"container\">\n\t<div class=\"row\">\n\t\t<div class=\"col-sm-6 col-md-6 col-lg-6\">\n\t\t\t<p><span class=\"wpcf7-form-control-wrap\" data-name=\"nom\"><input size=\"40\" class=\"wpcf7-form-control wpcf7-text wpcf7-validates-as-required\" aria-required=\"true\" aria-invalid=\"false\" placeholder=\"Name*\" value=\"\" type=\"text\" name=\"nom\" \/><\/span>\n\t\t\t<\/p>\n\t\t<\/div>\n\t\t<div class=\"col-sm-6 col-md-6 col-lg-6\">\n\t\t\t<p><span class=\"wpcf7-form-control-wrap\" data-name=\"prenom\"><input size=\"40\" class=\"wpcf7-form-control wpcf7-text wpcf7-validates-as-required\" aria-required=\"true\" aria-invalid=\"false\" placeholder=\"Firstname*\" value=\"\" type=\"text\" name=\"prenom\" \/><\/span>\n\t\t\t<\/p>\n\t\t<\/div>\n\t<\/div>\n\t<div class=\"row\">\n\t\t<div class=\"col-sm-6 col-md-6 col-lg-6\">\n\t\t\t<p><span class=\"wpcf7-form-control-wrap\" data-name=\"email\"><input size=\"40\" class=\"wpcf7-form-control wpcf7-text wpcf7-validates-as-required\" aria-required=\"true\" aria-invalid=\"false\" placeholder=\"Email*\" value=\"\" type=\"text\" name=\"email\" \/><\/span>\n\t\t\t<\/p>\n\t\t<\/div>\n\t\t<div class=\"col-sm-6 col-md-6 col-lg-6\">\n\t\t\t<p><span class=\"wpcf7-form-control-wrap\" data-name=\"telephone\"><input size=\"40\" class=\"wpcf7-form-control wpcf7-text wpcf7-validates-as-required\" aria-required=\"true\" aria-invalid=\"false\" placeholder=\"Phone*\" value=\"\" type=\"text\" name=\"telephone\" \/><\/span>\n\t\t\t<\/p>\n\t\t<\/div>\n\t<\/div>\n\t<div class=\"row\">\n\t\t<div class=\"col-sm-12 col-md-12 col-lg-12\">\n\t\t\t<p><span class=\"wpcf7-form-control-wrap\" data-name=\"societe\"><input size=\"40\" class=\"wpcf7-form-control wpcf7-text wpcf7-validates-as-required\" aria-required=\"true\" aria-invalid=\"false\" placeholder=\"Company*\" value=\"\" type=\"text\" name=\"societe\" \/><\/span>\n\t\t\t<\/p>\n\t\t<\/div>\n\t<\/div>\n\t<div class=\"row\">\n\t\t<div class=\"col-sm-12 col-md-12 col-lg-12\">\n\t\t\t<p><span class=\"wpcf7-form-control-wrap\" data-name=\"message\"><textarea cols=\"40\" rows=\"10\" class=\"wpcf7-form-control wpcf7-textarea wpcf7-validates-as-required\" aria-required=\"true\" aria-invalid=\"false\" placeholder=\"Your Message*\" name=\"message\"><\/textarea><\/span><span class=\"wpcf7-form-control-wrap\" data-name=\"acceptance-637\"><span class=\"wpcf7-form-control wpcf7-acceptance\"><span class=\"wpcf7-list-item\"><label><input type=\"checkbox\" name=\"acceptance-637\" value=\"1\" aria-invalid=\"false\" \/><span class=\"wpcf7-list-item-label\">I have read and accept the<a target=\"_blank\" href=\"https:\/\/pdmfab.fr\/politique-de-confidentialite\/\"> privacy policy.<\/a> *<\/span><\/label><\/span><\/span><\/span><br \/>\n<span class=\"mentions\">* Required fields<\/span><br \/>\n<input class=\"wpcf7-form-control wpcf7-submit has-spinner\" type=\"submit\" value=\"Send &gt;\" \/>\n\t\t\t<\/p>\n\t\t<\/div>\n\t<\/div>\n<\/div><div class=\"wpcf7-response-output\" aria-hidden=\"true\"><\/div>\n<\/form>\n<\/div>\n\n<\/div>\n\n\n\n<div class=\"wp-block-column is-layout-flow wp-block-column-is-layout-flow\">\n<iframe data-src=\"https:\/\/www.google.com\/maps\/embed?pb=!1m14!1m8!1m3!1d11331.89136647736!2d-0.7276981!3d44.7609686!3m2!1i1024!2i768!4f13.1!3m3!1m2!1s0x0%3A0x94deff7745878942!2sPeintures%20Du%20Medoc%20%2F%20pdmfab!5e0!3m2!1sfr!2sfr!4v1615463557764!5m2!1sfr!2sfr\" width=\"600\" height=\"450\" style=\"border:0;\" allowfullscreen=\"\" src=\"data:image\/svg+xml;base64,PHN2ZyB3aWR0aD0iMSIgaGVpZ2h0PSIxIiB4bWxucz0iaHR0cDovL3d3dy53My5vcmcvMjAwMC9zdmciPjwvc3ZnPg==\" class=\"lazyload\" data-load-mode=\"1\"><\/iframe>\n\n\n\n<p><\/p>\n<\/div>\n<\/div>\n","protected":false},"excerpt":{"rendered":"<p>Contact us For any information, request for information on our products and their availability, do not hesitate to contact us.<\/p>\n","protected":false},"author":1,"featured_media":0,"parent":0,"menu_order":0,"comment_status":"closed","ping_status":"closed","template":"tp-content.php","meta":{"_acf_changed":false,"footnotes":""},"class_list":["post-420","page","type-page","status-publish","hentry"],"acf":[],"yoast_head":"<!-- This site is optimized with the Yoast SEO plugin v21.5 - https:\/\/yoast.com\/wordpress\/plugins\/seo\/ -->\n<title>Contact - PDMFAB - Solutions Polym\u00e8res<\/title>\n<meta name=\"robots\" content=\"index, follow, max-snippet:-1, max-image-preview:large, max-video-preview:-1\" \/>\n<link rel=\"canonical\" href=\"https:\/\/pdmfab.fr\/en\/contact\/\" \/>\n<meta property=\"og:locale\" content=\"en_US\" \/>\n<meta property=\"og:type\" content=\"article\" \/>\n<meta property=\"og:title\" content=\"Contact - PDMFAB - Solutions Polym\u00e8res\" \/>\n<meta property=\"og:description\" content=\"Contact us For any information, request for information on our products and their availability, do not hesitate to contact us.\" \/>\n<meta property=\"og:url\" content=\"https:\/\/pdmfab.fr\/en\/contact\/\" \/>\n<meta property=\"og:site_name\" content=\"PDMFAB - Solutions Polym\u00e8res\" \/>\n<meta property=\"article:modified_time\" content=\"2021-03-15T09:52:31+00:00\" \/>\n<meta name=\"twitter:card\" content=\"summary_large_image\" \/>\n<script type=\"application\/ld+json\" class=\"yoast-schema-graph\">{\"@context\":\"https:\/\/schema.org\",\"@graph\":[{\"@type\":\"WebPage\",\"@id\":\"https:\/\/pdmfab.fr\/en\/contact\/\",\"url\":\"https:\/\/pdmfab.fr\/en\/contact\/\",\"name\":\"Contact - PDMFAB - Solutions Polym\u00e8res\",\"isPartOf\":{\"@id\":\"https:\/\/pdmfab.fr\/en\/#website\"},\"datePublished\":\"2021-03-15T09:52:29+00:00\",\"dateModified\":\"2021-03-15T09:52:31+00:00\",\"breadcrumb\":{\"@id\":\"https:\/\/pdmfab.fr\/en\/contact\/#breadcrumb\"},\"inLanguage\":\"en-US\",\"potentialAction\":[{\"@type\":\"ReadAction\",\"target\":[\"https:\/\/pdmfab.fr\/en\/contact\/\"]}]},{\"@type\":\"BreadcrumbList\",\"@id\":\"https:\/\/pdmfab.fr\/en\/contact\/#breadcrumb\",\"itemListElement\":[{\"@type\":\"ListItem\",\"position\":1,\"name\":\"Accueil\",\"item\":\"https:\/\/pdmfab.fr\/en\/\"},{\"@type\":\"ListItem\",\"position\":2,\"name\":\"Contact\"}]},{\"@type\":\"WebSite\",\"@id\":\"https:\/\/pdmfab.fr\/en\/#website\",\"url\":\"https:\/\/pdmfab.fr\/en\/\",\"name\":\"PDMFAB - Solutions Polym\u00e8res\",\"description\":\"Formulation et fabrication de d\u00e9riv\u00e9s de r\u00e9sines polyester\",\"publisher\":{\"@id\":\"https:\/\/pdmfab.fr\/en\/#organization\"},\"potentialAction\":[{\"@type\":\"SearchAction\",\"target\":{\"@type\":\"EntryPoint\",\"urlTemplate\":\"https:\/\/pdmfab.fr\/en\/?s={search_term_string}\"},\"query-input\":\"required name=search_term_string\"}],\"inLanguage\":\"en-US\"},{\"@type\":\"Organization\",\"@id\":\"https:\/\/pdmfab.fr\/en\/#organization\",\"name\":\"PDMFAB\",\"url\":\"https:\/\/pdmfab.fr\/en\/\",\"logo\":{\"@type\":\"ImageObject\",\"inLanguage\":\"en-US\",\"@id\":\"https:\/\/pdmfab.fr\/en\/#\/schema\/logo\/image\/\",\"url\":\"https:\/\/pdmfab.fr\/wp-content\/uploads\/2021\/04\/logo.png\",\"contentUrl\":\"https:\/\/pdmfab.fr\/wp-content\/uploads\/2021\/04\/logo.png\",\"width\":330,\"height\":70,\"caption\":\"PDMFAB\"},\"image\":{\"@id\":\"https:\/\/pdmfab.fr\/en\/#\/schema\/logo\/image\/\"}}]}<\/script>\n<!-- \/ Yoast SEO plugin. -->","yoast_head_json":{"title":"Contact - PDMFAB - Solutions Polym\u00e8res","robots":{"index":"index","follow":"follow","max-snippet":"max-snippet:-1","max-image-preview":"max-image-preview:large","max-video-preview":"max-video-preview:-1"},"canonical":"https:\/\/pdmfab.fr\/en\/contact\/","og_locale":"en_US","og_type":"article","og_title":"Contact - PDMFAB - Solutions Polym\u00e8res","og_description":"Contact us For any information, request for information on our products and their availability, do not hesitate to contact us.","og_url":"https:\/\/pdmfab.fr\/en\/contact\/","og_site_name":"PDMFAB - Solutions Polym\u00e8res","article_modified_time":"2021-03-15T09:52:31+00:00","twitter_card":"summary_large_image","schema":{"@context":"https:\/\/schema.org","@graph":[{"@type":"WebPage","@id":"https:\/\/pdmfab.fr\/en\/contact\/","url":"https:\/\/pdmfab.fr\/en\/contact\/","name":"Contact - PDMFAB - Solutions Polym\u00e8res","isPartOf":{"@id":"https:\/\/pdmfab.fr\/en\/#website"},"datePublished":"2021-03-15T09:52:29+00:00","dateModified":"2021-03-15T09:52:31+00:00","breadcrumb":{"@id":"https:\/\/pdmfab.fr\/en\/contact\/#breadcrumb"},"inLanguage":"en-US","potentialAction":[{"@type":"ReadAction","target":["https:\/\/pdmfab.fr\/en\/contact\/"]}]},{"@type":"BreadcrumbList","@id":"https:\/\/pdmfab.fr\/en\/contact\/#breadcrumb","itemListElement":[{"@type":"ListItem","position":1,"name":"Accueil","item":"https:\/\/pdmfab.fr\/en\/"},{"@type":"ListItem","position":2,"name":"Contact"}]},{"@type":"WebSite","@id":"https:\/\/pdmfab.fr\/en\/#website","url":"https:\/\/pdmfab.fr\/en\/","name":"PDMFAB - Solutions Polym\u00e8res","description":"Formulation et fabrication de d\u00e9riv\u00e9s de r\u00e9sines polyester","publisher":{"@id":"https:\/\/pdmfab.fr\/en\/#organization"},"potentialAction":[{"@type":"SearchAction","target":{"@type":"EntryPoint","urlTemplate":"https:\/\/pdmfab.fr\/en\/?s={search_term_string}"},"query-input":"required name=search_term_string"}],"inLanguage":"en-US"},{"@type":"Organization","@id":"https:\/\/pdmfab.fr\/en\/#organization","name":"PDMFAB","url":"https:\/\/pdmfab.fr\/en\/","logo":{"@type":"ImageObject","inLanguage":"en-US","@id":"https:\/\/pdmfab.fr\/en\/#\/schema\/logo\/image\/","url":"https:\/\/pdmfab.fr\/wp-content\/uploads\/2021\/04\/logo.png","contentUrl":"https:\/\/pdmfab.fr\/wp-content\/uploads\/2021\/04\/logo.png","width":330,"height":70,"caption":"PDMFAB"},"image":{"@id":"https:\/\/pdmfab.fr\/en\/#\/schema\/logo\/image\/"}}]}},"_links":{"self":[{"href":"https:\/\/pdmfab.fr\/en\/wp-json\/wp\/v2\/pages\/420","targetHints":{"allow":["GET"]}}],"collection":[{"href":"https:\/\/pdmfab.fr\/en\/wp-json\/wp\/v2\/pages"}],"about":[{"href":"https:\/\/pdmfab.fr\/en\/wp-json\/wp\/v2\/types\/page"}],"author":[{"embeddable":true,"href":"https:\/\/pdmfab.fr\/en\/wp-json\/wp\/v2\/users\/1"}],"replies":[{"embeddable":true,"href":"https:\/\/pdmfab.fr\/en\/wp-json\/wp\/v2\/comments?post=420"}],"version-history":[{"count":1,"href":"https:\/\/pdmfab.fr\/en\/wp-json\/wp\/v2\/pages\/420\/revisions"}],"predecessor-version":[{"id":421,"href":"https:\/\/pdmfab.fr\/en\/wp-json\/wp\/v2\/pages\/420\/revisions\/421"}],"wp:attachment":[{"href":"https:\/\/pdmfab.fr\/en\/wp-json\/wp\/v2\/media?parent=420"}],"curies":[{"name":"wp","href":"https:\/\/api.w.org\/{rel}","templated":true}]}}