{"id":412,"date":"2021-03-15T10:49:32","date_gmt":"2021-03-15T09:49:32","guid":{"rendered":"https:\/\/pdmfab.fr\/our-products\/"},"modified":"2021-03-25T11:19:32","modified_gmt":"2021-03-25T10:19:32","slug":"our-products","status":"publish","type":"page","link":"https:\/\/pdmfab.fr\/en\/our-products\/","title":{"rendered":"Our products"},"content":{"rendered":"\n<div class=\"wp-block-columns are-vertically-aligned-center is-layout-flex wp-container-core-columns-is-layout-9d6595d7 wp-block-columns-is-layout-flex\">\n<div class=\"wp-block-column is-vertically-aligned-center is-layout-flow wp-block-column-is-layout-flow\">\n<h1 class=\"wp-block-heading\">A range of products derived from various resins<\/h1>\n<\/div>\n<\/div>\n\n\n\n<div class=\"wp-block-columns are-vertically-aligned-top is-layout-flex wp-container-core-columns-is-layout-9d6595d7 wp-block-columns-is-layout-flex\">\n<div class=\"wp-block-column is-vertically-aligned-top is-layout-flow wp-block-column-is-layout-flow\">\n<p><strong>All of our products are designed, manufactured and distributed by us in France<\/strong> or internationally and can be <strong>adapted and made to measure<\/strong> to best serve the specific and specific needs of our customers.<\/p>\n\n\n\n<p>PDMFAB <strong>also provides you<\/strong>, in addition to its products developed and manufactured by its teams, <strong>other product ranges developed by partner brands.<\/strong><\/p>\n\n\n\n<p>All our products are subject to <strong>systematic quality controls<\/strong> on each batch before they are marketed.<\/p>\n\n\n\n<p>We deliver directly to France, DOM TOM and through our various distributors abroad.<\/p>\n<\/div>\n\n\n\n<div class=\"wp-block-column is-vertically-aligned-top is-layout-flow wp-block-column-is-layout-flow\">\n<figure class=\"wp-block-image size-large\"><img decoding=\"async\" width=\"600\" height=\"475\" data-src=\"https:\/\/pdmfab.fr\/wp-content\/uploads\/2021\/03\/expertise-1.png\" alt=\"\" class=\"wp-image-639 lazyload\" title=\"enteranim\" data-srcset=\"https:\/\/pdmfab.fr\/wp-content\/uploads\/2021\/03\/expertise-1.png 600w, https:\/\/pdmfab.fr\/wp-content\/uploads\/2021\/03\/expertise-1-300x238.png 300w\" data-sizes=\"(max-width: 600px) 100vw, 600px\" src=\"data:image\/svg+xml;base64,PHN2ZyB3aWR0aD0iMSIgaGVpZ2h0PSIxIiB4bWxucz0iaHR0cDovL3d3dy53My5vcmcvMjAwMC9zdmciPjwvc3ZnPg==\" style=\"--smush-placeholder-width: 600px; --smush-placeholder-aspect-ratio: 600\/475;\" \/><\/figure>\n<\/div>\n<\/div>\n\n\n\n<div class=\"wp-block-columns produit bloc-gris is-layout-flex wp-container-core-columns-is-layout-9d6595d7 wp-block-columns-is-layout-flex\">\n<div class=\"wp-block-column is-layout-flow wp-block-column-is-layout-flow\">\n<h2 class=\"has-text-align-center wp-block-heading\">The PDMFAB range<\/h2>\n\n\n\n<h3 class=\"styrene wp-block-heading\"><strong>Medo<\/strong>gel<\/h3>\n\n\n\n<div class=\"wp-block-columns is-layout-flex wp-container-core-columns-is-layout-9d6595d7 wp-block-columns-is-layout-flex\">\n<div class=\"wp-block-column is-layout-flow wp-block-column-is-layout-flow\">\n<p> <strong>Our Complete Line of Gelcoats for the Composites Industry<\/strong><\/p>\n\n\n\n<div class=\"wp-block-columns is-layout-flex wp-container-core-columns-is-layout-9d6595d7 wp-block-columns-is-layout-flex\">\n<div class=\"wp-block-column is-layout-flow wp-block-column-is-layout-flow\">\n<ul class=\"wp-block-list\"><li><strong>Semi-isophthalic<\/strong> for industrial applications<\/li><li><strong>Sandable<\/strong> for parts to be repainted<\/li><li><strong>Pure isophthalic<\/strong> for marine applications<\/li><li><strong>Iso NPG<\/strong> for the sanitary and swimming pool industry<\/li><\/ul>\n<\/div>\n\n\n\n<div class=\"wp-block-column is-layout-flow wp-block-column-is-layout-flow\">\n<ul class=\"wp-block-list\"><li><strong>Special epoxy hanging<\/strong><\/li><li><strong>Vinyl ester<\/strong> for chemical resistance<\/li><li>New generation with <strong>low styrene content<\/strong><\/li><li><strong>Fire resistance<\/strong> for M1 classification<\/li><\/ul>\n<\/div>\n<\/div>\n<\/div>\n<\/div>\n\n\n\n<div class=\"wp-block-columns is-layout-flex wp-container-core-columns-is-layout-9d6595d7 wp-block-columns-is-layout-flex\">\n<div class=\"wp-block-column is-layout-flow wp-block-column-is-layout-flow\">\n<div class=\"wp-block-columns is-layout-flex wp-container-core-columns-is-layout-9d6595d7 wp-block-columns-is-layout-flex\">\n<div class=\"wp-block-column is-layout-flow wp-block-column-is-layout-flow\" style=\"flex-basis:100%\">\n<h3 class=\"wp-block-heading\"><strong>Medo<\/strong>col<\/h3>\n\n\n\n<p><strong>Range of adhesives and sealants<\/strong><\/p>\n\n\n\n<p>For any type of structural bonding or other, fiber or non-fiber, lightened, vinyl ester.<\/p>\n<\/div>\n<\/div>\n<\/div>\n\n\n\n<div class=\"wp-block-column is-layout-flow wp-block-column-is-layout-flow\">\n<div class=\"wp-block-columns is-layout-flex wp-container-core-columns-is-layout-9d6595d7 wp-block-columns-is-layout-flex\">\n<div class=\"wp-block-column is-layout-flow wp-block-column-is-layout-flow\" style=\"flex-basis:100%\">\n<h3 class=\"wp-block-heading\"><strong>Medo<\/strong>moule<\/h3>\n\n\n\n<p><strong>Gelocoat based on Vinylester<\/strong><\/p>\n\n\n\n<p>For the <strong>manufacture of polyester gelcoat isovinylester molds<\/strong> for the production of polyester molds.<\/p>\n<\/div>\n<\/div>\n<\/div>\n<\/div>\n\n\n\n<div class=\"wp-block-columns is-layout-flex wp-container-core-columns-is-layout-9d6595d7 wp-block-columns-is-layout-flex\">\n<div class=\"wp-block-column is-layout-flow wp-block-column-is-layout-flow\">\n<h3 class=\"wp-block-heading\"><strong><strong>Medo<\/strong><\/strong>color<\/h3>\n\n\n\n<p><strong><strong>Range of coloring pastes <\/strong><\/strong><\/p>\n\n\n\n<p>For the pigmentation of polyester gelcoats and resins. Without monomers.<\/p>\n<\/div>\n\n\n\n<div class=\"wp-block-column is-layout-flow wp-block-column-is-layout-flow\">\n<h3 class=\"wp-block-heading\"><strong><strong><strong>Medo<\/strong><\/strong><\/strong>mold<\/h3>\n\n\n\n<p><strong><strong><strong>Range of resins<\/strong><\/strong><\/strong><\/p>\n\n\n\n<p>For the manufacture of One-shot molds.<\/p>\n<\/div>\n<\/div>\n\n\n\n<div class=\"wp-block-columns is-layout-flex wp-container-core-columns-is-layout-9d6595d7 wp-block-columns-is-layout-flex\">\n<div class=\"wp-block-column is-layout-flow wp-block-column-is-layout-flow\">\n<h3 class=\"styrene wp-block-heading\"><strong><strong><strong><strong>Medo<\/strong><\/strong><\/strong><\/strong>pons<\/h3>\n\n\n\n<p><strong><strong><strong><strong>Range of polyester fillers<\/strong><\/strong><\/strong><\/strong><\/p>\n\n\n\n<p>For preparing models or resurfacing, wood, metal, cast iron support.<\/p>\n<\/div>\n\n\n\n<div class=\"wp-block-column is-layout-flow wp-block-column-is-layout-flow\">\n<h3 class=\"wp-block-heading\"><strong><strong><strong><strong><strong>Medo<\/strong><\/strong><\/strong><\/strong><\/strong>tek<\/h3>\n\n\n\n<p><strong><strong><strong><strong><strong>Range of sprayable materials<\/strong><\/strong><\/strong><\/strong><\/strong><\/p>\n\n\n\n<p>For the composites industry as a replacement for reinforcements, glass fibers, felts.<\/p>\n<\/div>\n<\/div>\n\n\n\n<div class=\"wp-block-columns is-layout-flex wp-container-core-columns-is-layout-9d6595d7 wp-block-columns-is-layout-flex\">\n<div class=\"wp-block-column is-layout-flow wp-block-column-is-layout-flow\">\n<h3 class=\"wp-block-heading\"><strong><strong><strong><strong><strong><strong>Medo<\/strong><\/strong><\/strong><\/strong><\/strong><\/strong>flow<\/h3>\n\n\n\n<p><strong><strong><strong><strong><strong><strong>Range of casting masses<\/strong><\/strong><\/strong><\/strong><\/strong><\/strong><\/p>\n\n\n\n<p>Intended for the sanitary ware industry, sinks, shower trays.<\/p>\n<\/div>\n\n\n\n<div class=\"wp-block-column is-layout-flow wp-block-column-is-layout-flow\">\n<h3 class=\"wp-block-heading\"><strong><strong><strong><strong><strong><strong><strong>Medo<\/strong><\/strong><\/strong><\/strong><\/strong><\/strong><\/strong>mast<\/h3>\n\n\n\n<p><strong><strong><strong><strong><strong><strong><strong>Polyester sealants range<\/strong><\/strong><\/strong><\/strong><\/strong><\/strong><\/strong><\/p>\n\n\n\n<p>For any type of repair, machinable, spatulable or projectable version for models.<\/p>\n<\/div>\n<\/div>\n\n\n\n<div class=\"wp-block-columns is-layout-flex wp-container-core-columns-is-layout-9d6595d7 wp-block-columns-is-layout-flex\">\n<div class=\"wp-block-column is-layout-flow wp-block-column-is-layout-flow\">\n<h3 class=\"styrene wp-block-heading\"><strong><strong><strong><strong><strong><strong><strong><strong>Medo<\/strong><\/strong><\/strong><\/strong><\/strong><\/strong><\/strong><\/strong>coat<\/h3>\n\n\n\n<p><strong><strong><strong><strong><strong><strong><strong><strong>Direct gloss gelcoat<\/strong><\/strong><\/strong><\/strong><\/strong><\/strong><\/strong><\/strong><\/p>\n\n\n\n<p>Intended for modelers, allows to obtain a mirror effect. Without paraffin.<\/p>\n<\/div>\n\n\n\n<div class=\"wp-block-column is-layout-flow wp-block-column-is-layout-flow\">\n<h3 class=\"wp-block-heading\"><strong><strong><strong><strong><strong><strong><strong><strong><strong>Medo<\/strong><\/strong><\/strong><\/strong><\/strong><\/strong><\/strong><\/strong><\/strong>ster<\/h3>\n\n\n\n<p><strong><strong><strong><strong><strong><strong><strong><strong><strong>Custom-formulated polyester resins<\/strong><\/strong><\/strong><\/strong><\/strong><\/strong><\/strong><\/strong><\/strong><\/p>\n\n\n\n<p>According to the specifications of our customers, tinted RTM application, direct application on polystyrene.<\/p>\n<\/div>\n<\/div>\n\n\n\n<p><\/p>\n<\/div>\n<\/div>\n\n\n\n<div class=\"wp-block-image\"><figure class=\"aligncenter size-large\"><img decoding=\"async\" width=\"1024\" height=\"498\" data-src=\"https:\/\/pdmfab.fr\/wp-content\/uploads\/2021\/03\/20201126_082444-1-1024x498.jpg\" alt=\"PDMFAB - Realization of the model with our products\" class=\"wp-image-576 lazyload\" data-srcset=\"https:\/\/pdmfab.fr\/wp-content\/uploads\/2021\/03\/20201126_082444-1-1024x498.jpg 1024w, https:\/\/pdmfab.fr\/wp-content\/uploads\/2021\/03\/20201126_082444-1-300x146.jpg 300w, https:\/\/pdmfab.fr\/wp-content\/uploads\/2021\/03\/20201126_082444-1-768x373.jpg 768w, https:\/\/pdmfab.fr\/wp-content\/uploads\/2021\/03\/20201126_082444-1-1536x747.jpg 1536w, https:\/\/pdmfab.fr\/wp-content\/uploads\/2021\/03\/20201126_082444-1-2048x996.jpg 2048w\" data-sizes=\"(max-width: 1024px) 100vw, 1024px\" src=\"data:image\/svg+xml;base64,PHN2ZyB3aWR0aD0iMSIgaGVpZ2h0PSIxIiB4bWxucz0iaHR0cDovL3d3dy53My5vcmcvMjAwMC9zdmciPjwvc3ZnPg==\" style=\"--smush-placeholder-width: 1024px; --smush-placeholder-aspect-ratio: 1024\/498;\" \/><figcaption>Realization of the model with our products<\/figcaption><\/figure><\/div>\n\n\n\n<h2 class=\"wp-block-heading\">The other brands we distribute<\/h2>\n\n\n\n<p>We distribute various brands for the composite industry.<\/p>\n\n\n\n<div class=\"wp-block-columns is-layout-flex wp-container-core-columns-is-layout-9d6595d7 wp-block-columns-is-layout-flex\">\n<div class=\"wp-block-column is-layout-flow wp-block-column-is-layout-flow\">\n<div class=\"wp-block-pb-accordion-item c-accordion__item js-accordion-item no-js\" data-initially-open=\"false\" data-click-to-close=\"true\" data-auto-close=\"true\" data-scroll=\"false\" data-scroll-offset=\"0\"><h3 id=\"at-4120\" class=\"c-accordion__title js-accordion-controller\" role=\"button\">R\u00e9sines polyester<\/h3><div id=\"ac-4120\" class=\"c-accordion__content\">\n<p>Wide range of polyester resins: orthophthalic for general lamination, isophthalic for swimming pools and boats, inclusion, improved fire behavior, for classification M, epoxy vinyl ester for general use and for anticorrosion.<\/p>\n<\/div><\/div>\n<\/div>\n\n\n\n<div class=\"wp-block-column is-layout-flow wp-block-column-is-layout-flow\">\n<div class=\"wp-block-pb-accordion-item c-accordion__item js-accordion-item no-js\" data-initially-open=\"false\" data-click-to-close=\"true\" data-auto-close=\"true\" data-scroll=\"false\" data-scroll-offset=\"0\"><h3 id=\"at-4121\" class=\"c-accordion__title js-accordion-controller\" role=\"button\">Renforts<\/h3><div id=\"ac-4121\" class=\"c-accordion__content\">\n<p>Glass fibers all grammages, felts, special reinforcements, &#8230;<\/p>\n\n\n\n<ul class=\"wp-block-list\"><li>MAT 300\/450 \/ 600gr \/ m2 EMULSION for general applications<\/li><li>MAT 150\/300\/450\/600 gr \/ m2 POWDER for swimming pool applications or chemical resistance<\/li><li>Thread projection and winding<\/li><li>ROVING-MAT 300\/300, 500\/300, 500\/450, 800 \/ 300gr \/ m2<\/li><li>FELTS 2-3-4mm<\/li><li>GLASS VEIL 30gr \/ m2<\/li><li>PU foam panel, honeycomb panel, AIREX PVC foam panel, Serge Bibiais carbon rollers<\/li><\/ul>\n<\/div><\/div>\n<\/div>\n<\/div>\n\n\n\n<div class=\"wp-block-columns is-layout-flex wp-container-core-columns-is-layout-9d6595d7 wp-block-columns-is-layout-flex\">\n<div class=\"wp-block-column is-layout-flow wp-block-column-is-layout-flow\">\n<div class=\"wp-block-pb-accordion-item c-accordion__item js-accordion-item no-js\" data-initially-open=\"false\" data-click-to-close=\"true\" data-auto-close=\"true\" data-scroll=\"false\" data-scroll-offset=\"0\"><h3 id=\"at-4122\" class=\"c-accordion__title js-accordion-controller\" role=\"button\">Produits de d\u00e9moulage<\/h3><div id=\"ac-4122\" class=\"c-accordion__content\">\n<ul class=\"wp-block-list\"><li>General range: waxes in paste, liquids, mold rim, mold cleaners.<\/li><li>Semi-permanent release agent range<\/li><li>Plastiline: industrial modeling clay<\/li><\/ul>\n<\/div><\/div>\n<\/div>\n\n\n\n<div class=\"wp-block-column is-layout-flow wp-block-column-is-layout-flow\">\n<div class=\"wp-block-pb-accordion-item c-accordion__item js-accordion-item no-js\" data-initially-open=\"false\" data-click-to-close=\"true\" data-auto-close=\"true\" data-scroll=\"false\" data-scroll-offset=\"0\"><h3 id=\"at-4123\" class=\"c-accordion__title js-accordion-controller\" role=\"button\">Mousse Polyur\u00e9thane<\/h3><div id=\"ac-4123\" class=\"c-accordion__content\">\n<p>Closed cell expanded polyurethane foam<\/p>\n<\/div><\/div>\n<\/div>\n<\/div>\n\n\n\n<div class=\"wp-block-columns is-layout-flex wp-container-core-columns-is-layout-9d6595d7 wp-block-columns-is-layout-flex\">\n<div class=\"wp-block-column is-layout-flow wp-block-column-is-layout-flow\">\n<div class=\"wp-block-pb-accordion-item c-accordion__item js-accordion-item no-js\" data-initially-open=\"false\" data-click-to-close=\"true\" data-auto-close=\"true\" data-scroll=\"false\" data-scroll-offset=\"0\"><h3 id=\"at-4124\" class=\"c-accordion__title js-accordion-controller\" role=\"button\">Catalyseurs<\/h3><div id=\"ac-4124\" class=\"c-accordion__content\">\n<p>Complete range for the polymerization of polyester resins<\/p>\n<\/div><\/div>\n<\/div>\n\n\n\n<div class=\"wp-block-column is-layout-flow wp-block-column-is-layout-flow\">\n<div class=\"wp-block-pb-accordion-item c-accordion__item js-accordion-item no-js\" data-initially-open=\"false\" data-click-to-close=\"true\" data-auto-close=\"true\" data-scroll=\"false\" data-scroll-offset=\"0\"><h3 id=\"at-4125\" class=\"c-accordion__title js-accordion-controller\" role=\"button\">Charges<\/h3><div id=\"ac-4125\" class=\"c-accordion__content\">\n<p>Silica, talc, calcium carbonate, microballoons, glass beads, staple fibers, graphite powder<\/p>\n<\/div><\/div>\n<\/div>\n<\/div>\n\n\n\n<div class=\"wp-block-columns is-layout-flex wp-container-core-columns-is-layout-9d6595d7 wp-block-columns-is-layout-flex\">\n<div class=\"wp-block-column is-layout-flow wp-block-column-is-layout-flow\">\n<div class=\"wp-block-pb-accordion-item c-accordion__item js-accordion-item no-js\" data-initially-open=\"false\" data-click-to-close=\"true\" data-auto-close=\"true\" data-scroll=\"false\" data-scroll-offset=\"0\"><h3 id=\"at-4126\" class=\"c-accordion__title js-accordion-controller\" role=\"button\">Solvant<\/h3><div id=\"ac-4126\" class=\"c-accordion__content\">\n<p>Acetone, monomeric styrene, waxed styrene and others.<\/p>\n<\/div><\/div>\n<\/div>\n\n\n\n<div class=\"wp-block-column is-layout-flow wp-block-column-is-layout-flow\"><\/div>\n<\/div>\n\n\n\n<div class=\"wp-block-columns links-bottom is-layout-flex wp-container-core-columns-is-layout-9d6595d7 wp-block-columns-is-layout-flex\">\n<div class=\"wp-block-column is-layout-flow wp-block-column-is-layout-flow\">\n<div class=\"wp-block-buttons is-layout-flex wp-block-buttons-is-layout-flex\">\n<div class=\"wp-block-button\"><a class=\"wp-block-button__link\" href=\"https:\/\/pdmfab.fr\/qui-sommes-nous\/\">Who are we ? &gt;<\/a><\/div>\n<\/div>\n<\/div>\n\n\n\n<div class=\"wp-block-column is-layout-flow wp-block-column-is-layout-flow\">\n<div class=\"wp-block-buttons is-layout-flex wp-block-buttons-is-layout-flex\">\n<div class=\"wp-block-button\"><a class=\"wp-block-button__link\" href=\"https:\/\/pdmfab.fr\/en\/our-values\/\">Our values &gt;<\/a><\/div>\n<\/div>\n<\/div>\n<\/div>\n","protected":false},"excerpt":{"rendered":"<p>A range of products derived from various resins All of our products are designed, manufactured and distributed by us in France or internationally and can be adapted and made to measure to best serve the specific and specific needs of our customers. PDMFAB also provides you, in addition to its products developed and manufactured by [&hellip;]<\/p>\n","protected":false},"author":1,"featured_media":0,"parent":0,"menu_order":0,"comment_status":"closed","ping_status":"closed","template":"tp-content.php","meta":{"_acf_changed":false,"footnotes":""},"class_list":["post-412","page","type-page","status-publish","hentry"],"acf":[],"yoast_head":"<!-- This site is optimized with the Yoast SEO plugin v21.5 - https:\/\/yoast.com\/wordpress\/plugins\/seo\/ -->\n<title>Our products - PDMFAB - Solutions Polym\u00e8res<\/title>\n<meta name=\"description\" content=\"Gelcoats, glues, mastics, casting compounds, ... all these products are designed, manufactured and distributed by us around the world.\" \/>\n<meta name=\"robots\" content=\"index, follow, max-snippet:-1, max-image-preview:large, max-video-preview:-1\" \/>\n<link rel=\"canonical\" href=\"https:\/\/pdmfab.fr\/en\/our-products\/\" \/>\n<meta property=\"og:locale\" content=\"en_US\" \/>\n<meta property=\"og:type\" content=\"article\" \/>\n<meta property=\"og:title\" content=\"Our products - PDMFAB - Solutions Polym\u00e8res\" \/>\n<meta property=\"og:description\" content=\"Gelcoats, glues, mastics, casting compounds, ... all these products are designed, manufactured and distributed by us around the world.\" \/>\n<meta property=\"og:url\" content=\"https:\/\/pdmfab.fr\/en\/our-products\/\" \/>\n<meta property=\"og:site_name\" content=\"PDMFAB - Solutions Polym\u00e8res\" \/>\n<meta property=\"article:modified_time\" content=\"2021-03-25T10:19:32+00:00\" \/>\n<meta property=\"og:image\" content=\"https:\/\/pdmfab.fr\/wp-content\/uploads\/2021\/03\/expertise-1.png\" \/>\n<meta name=\"twitter:card\" content=\"summary_large_image\" \/>\n<meta name=\"twitter:label1\" content=\"Est. reading time\" \/>\n\t<meta name=\"twitter:data1\" content=\"3 minutes\" \/>\n<script type=\"application\/ld+json\" class=\"yoast-schema-graph\">{\"@context\":\"https:\/\/schema.org\",\"@graph\":[{\"@type\":\"WebPage\",\"@id\":\"https:\/\/pdmfab.fr\/en\/our-products\/\",\"url\":\"https:\/\/pdmfab.fr\/en\/our-products\/\",\"name\":\"Our products - PDMFAB - Solutions Polym\u00e8res\",\"isPartOf\":{\"@id\":\"https:\/\/pdmfab.fr\/en\/#website\"},\"datePublished\":\"2021-03-15T09:49:32+00:00\",\"dateModified\":\"2021-03-25T10:19:32+00:00\",\"description\":\"Gelcoats, glues, mastics, casting compounds, ... all these products are designed, manufactured and distributed by us around the world.\",\"breadcrumb\":{\"@id\":\"https:\/\/pdmfab.fr\/en\/our-products\/#breadcrumb\"},\"inLanguage\":\"en-US\",\"potentialAction\":[{\"@type\":\"ReadAction\",\"target\":[\"https:\/\/pdmfab.fr\/en\/our-products\/\"]}]},{\"@type\":\"BreadcrumbList\",\"@id\":\"https:\/\/pdmfab.fr\/en\/our-products\/#breadcrumb\",\"itemListElement\":[{\"@type\":\"ListItem\",\"position\":1,\"name\":\"Accueil\",\"item\":\"https:\/\/pdmfab.fr\/en\/\"},{\"@type\":\"ListItem\",\"position\":2,\"name\":\"Our products\"}]},{\"@type\":\"WebSite\",\"@id\":\"https:\/\/pdmfab.fr\/en\/#website\",\"url\":\"https:\/\/pdmfab.fr\/en\/\",\"name\":\"PDMFAB - Solutions Polym\u00e8res\",\"description\":\"Formulation et fabrication de d\u00e9riv\u00e9s de r\u00e9sines polyester\",\"publisher\":{\"@id\":\"https:\/\/pdmfab.fr\/en\/#organization\"},\"potentialAction\":[{\"@type\":\"SearchAction\",\"target\":{\"@type\":\"EntryPoint\",\"urlTemplate\":\"https:\/\/pdmfab.fr\/en\/?s={search_term_string}\"},\"query-input\":\"required name=search_term_string\"}],\"inLanguage\":\"en-US\"},{\"@type\":\"Organization\",\"@id\":\"https:\/\/pdmfab.fr\/en\/#organization\",\"name\":\"PDMFAB\",\"url\":\"https:\/\/pdmfab.fr\/en\/\",\"logo\":{\"@type\":\"ImageObject\",\"inLanguage\":\"en-US\",\"@id\":\"https:\/\/pdmfab.fr\/en\/#\/schema\/logo\/image\/\",\"url\":\"https:\/\/pdmfab.fr\/wp-content\/uploads\/2021\/04\/logo.png\",\"contentUrl\":\"https:\/\/pdmfab.fr\/wp-content\/uploads\/2021\/04\/logo.png\",\"width\":330,\"height\":70,\"caption\":\"PDMFAB\"},\"image\":{\"@id\":\"https:\/\/pdmfab.fr\/en\/#\/schema\/logo\/image\/\"}}]}<\/script>\n<!-- \/ Yoast SEO plugin. -->","yoast_head_json":{"title":"Our products - PDMFAB - Solutions Polym\u00e8res","description":"Gelcoats, glues, mastics, casting compounds, ... all these products are designed, manufactured and distributed by us around the world.","robots":{"index":"index","follow":"follow","max-snippet":"max-snippet:-1","max-image-preview":"max-image-preview:large","max-video-preview":"max-video-preview:-1"},"canonical":"https:\/\/pdmfab.fr\/en\/our-products\/","og_locale":"en_US","og_type":"article","og_title":"Our products - PDMFAB - Solutions Polym\u00e8res","og_description":"Gelcoats, glues, mastics, casting compounds, ... all these products are designed, manufactured and distributed by us around the world.","og_url":"https:\/\/pdmfab.fr\/en\/our-products\/","og_site_name":"PDMFAB - Solutions Polym\u00e8res","article_modified_time":"2021-03-25T10:19:32+00:00","og_image":[{"url":"https:\/\/pdmfab.fr\/wp-content\/uploads\/2021\/03\/expertise-1.png"}],"twitter_card":"summary_large_image","twitter_misc":{"Est. reading time":"3 minutes"},"schema":{"@context":"https:\/\/schema.org","@graph":[{"@type":"WebPage","@id":"https:\/\/pdmfab.fr\/en\/our-products\/","url":"https:\/\/pdmfab.fr\/en\/our-products\/","name":"Our products - PDMFAB - Solutions Polym\u00e8res","isPartOf":{"@id":"https:\/\/pdmfab.fr\/en\/#website"},"datePublished":"2021-03-15T09:49:32+00:00","dateModified":"2021-03-25T10:19:32+00:00","description":"Gelcoats, glues, mastics, casting compounds, ... all these products are designed, manufactured and distributed by us around the world.","breadcrumb":{"@id":"https:\/\/pdmfab.fr\/en\/our-products\/#breadcrumb"},"inLanguage":"en-US","potentialAction":[{"@type":"ReadAction","target":["https:\/\/pdmfab.fr\/en\/our-products\/"]}]},{"@type":"BreadcrumbList","@id":"https:\/\/pdmfab.fr\/en\/our-products\/#breadcrumb","itemListElement":[{"@type":"ListItem","position":1,"name":"Accueil","item":"https:\/\/pdmfab.fr\/en\/"},{"@type":"ListItem","position":2,"name":"Our products"}]},{"@type":"WebSite","@id":"https:\/\/pdmfab.fr\/en\/#website","url":"https:\/\/pdmfab.fr\/en\/","name":"PDMFAB - Solutions Polym\u00e8res","description":"Formulation et fabrication de d\u00e9riv\u00e9s de r\u00e9sines polyester","publisher":{"@id":"https:\/\/pdmfab.fr\/en\/#organization"},"potentialAction":[{"@type":"SearchAction","target":{"@type":"EntryPoint","urlTemplate":"https:\/\/pdmfab.fr\/en\/?s={search_term_string}"},"query-input":"required name=search_term_string"}],"inLanguage":"en-US"},{"@type":"Organization","@id":"https:\/\/pdmfab.fr\/en\/#organization","name":"PDMFAB","url":"https:\/\/pdmfab.fr\/en\/","logo":{"@type":"ImageObject","inLanguage":"en-US","@id":"https:\/\/pdmfab.fr\/en\/#\/schema\/logo\/image\/","url":"https:\/\/pdmfab.fr\/wp-content\/uploads\/2021\/04\/logo.png","contentUrl":"https:\/\/pdmfab.fr\/wp-content\/uploads\/2021\/04\/logo.png","width":330,"height":70,"caption":"PDMFAB"},"image":{"@id":"https:\/\/pdmfab.fr\/en\/#\/schema\/logo\/image\/"}}]}},"_links":{"self":[{"href":"https:\/\/pdmfab.fr\/en\/wp-json\/wp\/v2\/pages\/412","targetHints":{"allow":["GET"]}}],"collection":[{"href":"https:\/\/pdmfab.fr\/en\/wp-json\/wp\/v2\/pages"}],"about":[{"href":"https:\/\/pdmfab.fr\/en\/wp-json\/wp\/v2\/types\/page"}],"author":[{"embeddable":true,"href":"https:\/\/pdmfab.fr\/en\/wp-json\/wp\/v2\/users\/1"}],"replies":[{"embeddable":true,"href":"https:\/\/pdmfab.fr\/en\/wp-json\/wp\/v2\/comments?post=412"}],"version-history":[{"count":15,"href":"https:\/\/pdmfab.fr\/en\/wp-json\/wp\/v2\/pages\/412\/revisions"}],"predecessor-version":[{"id":665,"href":"https:\/\/pdmfab.fr\/en\/wp-json\/wp\/v2\/pages\/412\/revisions\/665"}],"wp:attachment":[{"href":"https:\/\/pdmfab.fr\/en\/wp-json\/wp\/v2\/media?parent=412"}],"curies":[{"name":"wp","href":"https:\/\/api.w.org\/{rel}","templated":true}]}}