{"id":406,"date":"2021-03-15T10:35:54","date_gmt":"2021-03-15T09:35:54","guid":{"rendered":"https:\/\/pdmfab.fr\/the-lab\/"},"modified":"2025-10-13T14:13:20","modified_gmt":"2025-10-13T12:13:20","slug":"the-lab","status":"publish","type":"page","link":"https:\/\/pdmfab.fr\/en\/the-lab\/","title":{"rendered":"The laboratory"},"content":{"rendered":"\n<h1 class=\"wp-block-heading\">The laboratory, an integrated incubator to bring all your requests to life<\/h1>\n\n<p>Our experience allows us to be able to respond to all product development requests in close collaboration with you, the customer, according to your specifications in our laboratory.<\/p>\n\n<div class=\"wp-block-columns enteranim is-layout-flex wp-container-core-columns-is-layout-9d6595d7 wp-block-columns-is-layout-flex\">\n<div class=\"wp-block-column is-layout-flow wp-block-column-is-layout-flow\">\n<h2 class=\"wp-block-heading\">The mission<\/h2>\n\n\n\n<p>The daily life of our lab revolves around <strong>four main missions:<\/strong><\/p>\n\n\n\n<ul class=\"wp-block-list\">\n<li><strong>Approval<\/strong> of raw materials<\/li>\n\n\n\n<li><a href=\"https:\/\/pdmfab.fr\/en\/our-products\/\"><strong>Innovate and develop<\/strong>new products, colors<\/a><\/li>\n\n\n\n<li><strong>Systematically control the quality<\/strong> of all <a href=\"https:\/\/pdmfab.fr\/en\/our-products\/\">our products<\/a> <a>o<\/a>n each batch before they are marketed.<\/li>\n\n\n\n<li><strong>Adapt the standard products<\/strong> that we market to your specific needs and uses (specifications)<\/li>\n<\/ul>\n\n\n\n<p>We are able to <strong>study and respond to each of your requests<\/strong>, taking into account the technical constraints related to each of your business sectors.<\/p>\n<\/div>\n<\/div>\n\n<div class=\"wp-block-columns bloc-gris is-layout-flex wp-container-core-columns-is-layout-9d6595d7 wp-block-columns-is-layout-flex\">\n<div class=\"wp-block-column align-center enteranim is-layout-flow wp-block-column-is-layout-flow\"><div class=\"wp-block-image\">\n<figure class=\"aligncenter size-large\"><img decoding=\"async\" width=\"56\" height=\"56\" data-src=\"https:\/\/pdmfab.fr\/wp-content\/uploads\/2021\/03\/annees.png\" alt=\"\" class=\"wp-image-50 lazyload\" src=\"data:image\/svg+xml;base64,PHN2ZyB3aWR0aD0iMSIgaGVpZ2h0PSIxIiB4bWxucz0iaHR0cDovL3d3dy53My5vcmcvMjAwMC9zdmciPjwvc3ZnPg==\" style=\"--smush-placeholder-width: 56px; --smush-placeholder-aspect-ratio: 56\/56;\" \/><\/figure><\/div>\n\n\n<h2 class=\"wp-block-heading has-text-align-center\">State-of-the-art equipment<\/h2>\n\n\n\n<p class=\"has-text-align-center\">In order to meet all of these missions, our laboratory is <strong>equipped with all modern research and quality control resources.<\/strong> <\/p>\n<\/div>\n\n\n\n<div class=\"wp-block-column is-layout-flow wp-block-column-is-layout-flow\">\n\t\t<!-- MasterSlider -->\n\t\t<div id=\"P_MS69e5b337e80b6\" class=\"master-slider-parent msl ms-parent-id-4\" style=\"max-width:100%;\">\n\n\t\t\t\n\t\t\t<!-- MasterSlider Main -->\n\t\t\t<div id=\"MS69e5b337e80b6\" class=\"master-slider ms-skin-default\" >\n\t\t\t\t \t\t\t\t \n\t\t\t\t<div  class=\"ms-slide\" data-delay=\"3\" data-fill-mode=\"fit\"  >\n\t\t\t\t\t<img decoding=\"async\" src=\"https:\/\/pdmfab.fr\/wp-content\/plugins\/master-slider\/public\/assets\/css\/blank.gif\" alt=\"\" title=\"\" data-src=\"https:\/\/pdmfab.fr\/wp-content\/uploads\/2021\/03\/20201125_132639-scaled.jpg\" \/>\n\n\n\t<img decoding=\"async\" class=\"ms-thumb lazyload\" data-src=\"https:\/\/pdmfab.fr\/wp-content\/uploads\/2021\/03\/20201125_132639-scaled-140x80.jpg\" alt=\"\" src=\"data:image\/svg+xml;base64,PHN2ZyB3aWR0aD0iMSIgaGVpZ2h0PSIxIiB4bWxucz0iaHR0cDovL3d3dy53My5vcmcvMjAwMC9zdmciPjwvc3ZnPg==\" style=\"--smush-placeholder-width: 140px; --smush-placeholder-aspect-ratio: 140\/80;\" \/>\n\t<div class=\"ms-thumb\" ><div class=\"ms-tab-context\"><div class=\"&quot;ms-tab-context&quot;\"><\/div><\/div>\n<\/div>\n\t\t\t\t<\/div>\n\t\t\t\t<div  class=\"ms-slide\" data-delay=\"3\" data-fill-mode=\"fit\"  >\n\t\t\t\t\t<img decoding=\"async\" src=\"https:\/\/pdmfab.fr\/wp-content\/plugins\/master-slider\/public\/assets\/css\/blank.gif\" alt=\"\" title=\"\" data-src=\"https:\/\/pdmfab.fr\/wp-content\/uploads\/2021\/03\/20201125_132834-scaled.jpg\" \/>\n\n\n\t<img decoding=\"async\" class=\"ms-thumb lazyload\" data-src=\"https:\/\/pdmfab.fr\/wp-content\/uploads\/2021\/03\/20201125_132834-scaled-140x80.jpg\" alt=\"\" src=\"data:image\/svg+xml;base64,PHN2ZyB3aWR0aD0iMSIgaGVpZ2h0PSIxIiB4bWxucz0iaHR0cDovL3d3dy53My5vcmcvMjAwMC9zdmciPjwvc3ZnPg==\" style=\"--smush-placeholder-width: 140px; --smush-placeholder-aspect-ratio: 140\/80;\" \/>\n\t<div class=\"ms-thumb\" ><div class=\"ms-tab-context\"><div class=\"&quot;ms-tab-context&quot;\"><\/div><\/div>\n<\/div>\n\t\t\t\t<\/div>\n\t\t\t\t<div  class=\"ms-slide\" data-delay=\"3\" data-fill-mode=\"fit\"  >\n\t\t\t\t\t<img decoding=\"async\" src=\"https:\/\/pdmfab.fr\/wp-content\/plugins\/master-slider\/public\/assets\/css\/blank.gif\" alt=\"\" title=\"\" data-src=\"https:\/\/pdmfab.fr\/wp-content\/uploads\/2021\/03\/20201125_132752-scaled.jpg\" \/>\n\n\n\t<img decoding=\"async\" class=\"ms-thumb lazyload\" data-src=\"https:\/\/pdmfab.fr\/wp-content\/uploads\/2021\/03\/20201125_132752-scaled-140x80.jpg\" alt=\"\" src=\"data:image\/svg+xml;base64,PHN2ZyB3aWR0aD0iMSIgaGVpZ2h0PSIxIiB4bWxucz0iaHR0cDovL3d3dy53My5vcmcvMjAwMC9zdmciPjwvc3ZnPg==\" style=\"--smush-placeholder-width: 140px; --smush-placeholder-aspect-ratio: 140\/80;\" \/>\n\t<div class=\"ms-thumb\" ><div class=\"ms-tab-context\"><div class=\"&quot;ms-tab-context&quot;\"><\/div><\/div>\n<\/div>\n\t\t\t\t<\/div>\n\t\t\t\t<div  class=\"ms-slide\" data-delay=\"3\" data-fill-mode=\"fit\"  >\n\t\t\t\t\t<img decoding=\"async\" src=\"https:\/\/pdmfab.fr\/wp-content\/plugins\/master-slider\/public\/assets\/css\/blank.gif\" alt=\"Nuancier\" title=\"\" data-src=\"https:\/\/pdmfab.fr\/wp-content\/uploads\/2021\/03\/Nuancier-scaled-e1616516888225.jpg\" \/>\n\n\n\t<img decoding=\"async\" class=\"ms-thumb lazyload\" data-src=\"https:\/\/pdmfab.fr\/wp-content\/uploads\/2021\/03\/Nuancier-scaled-e1616516888225-140x80.jpg\" alt=\"Nuancier\" src=\"data:image\/svg+xml;base64,PHN2ZyB3aWR0aD0iMSIgaGVpZ2h0PSIxIiB4bWxucz0iaHR0cDovL3d3dy53My5vcmcvMjAwMC9zdmciPjwvc3ZnPg==\" style=\"--smush-placeholder-width: 140px; --smush-placeholder-aspect-ratio: 140\/80;\" \/>\n\t<div class=\"ms-thumb\" ><div class=\"ms-tab-context\"><div class=\"&quot;ms-tab-context&quot;\"><\/div><\/div>\n<\/div>\n\t\t\t\t<\/div>\n\t\t\t\t<div  class=\"ms-slide\" data-delay=\"3\" data-fill-mode=\"fit\"  >\n\t\t\t\t\t<img decoding=\"async\" src=\"https:\/\/pdmfab.fr\/wp-content\/plugins\/master-slider\/public\/assets\/css\/blank.gif\" alt=\"PDMFAB - Laboratoire\" title=\"\" data-src=\"https:\/\/pdmfab.fr\/wp-content\/uploads\/2021\/03\/laboratoire-1-2.jpg\" \/>\n\n\n\t<img decoding=\"async\" class=\"ms-thumb lazyload\" data-src=\"https:\/\/pdmfab.fr\/wp-content\/uploads\/2021\/03\/laboratoire-1-2-140x80.jpg\" alt=\"PDMFAB - Laboratoire\" src=\"data:image\/svg+xml;base64,PHN2ZyB3aWR0aD0iMSIgaGVpZ2h0PSIxIiB4bWxucz0iaHR0cDovL3d3dy53My5vcmcvMjAwMC9zdmciPjwvc3ZnPg==\" style=\"--smush-placeholder-width: 140px; --smush-placeholder-aspect-ratio: 140\/80;\" \/>\n\t<div class=\"ms-thumb\" ><div class=\"ms-tab-context\"><div class=\"&quot;ms-tab-context&quot;\"><\/div><\/div>\n<\/div>\n\t\t\t\t<\/div>\n\t\t\t\t<div  class=\"ms-slide\" data-delay=\"3\" data-fill-mode=\"fit\"  >\n\t\t\t\t\t<img decoding=\"async\" src=\"https:\/\/pdmfab.fr\/wp-content\/plugins\/master-slider\/public\/assets\/css\/blank.gif\" alt=\"PDMFAB - Laboratoire\" title=\"\" data-src=\"https:\/\/pdmfab.fr\/wp-content\/uploads\/2021\/03\/laboratoire-3-2.jpg\" \/>\n\n\n\t<img decoding=\"async\" class=\"ms-thumb lazyload\" data-src=\"https:\/\/pdmfab.fr\/wp-content\/uploads\/2021\/03\/laboratoire-3-2-140x80.jpg\" alt=\"PDMFAB - Laboratoire\" src=\"data:image\/svg+xml;base64,PHN2ZyB3aWR0aD0iMSIgaGVpZ2h0PSIxIiB4bWxucz0iaHR0cDovL3d3dy53My5vcmcvMjAwMC9zdmciPjwvc3ZnPg==\" style=\"--smush-placeholder-width: 140px; --smush-placeholder-aspect-ratio: 140\/80;\" \/>\n\t<div class=\"ms-thumb\" ><div class=\"ms-tab-context\"><div class=\"&quot;ms-tab-context&quot;\"><\/div><\/div>\n<\/div>\n\t\t\t\t<\/div>\n\t\t\t\t<div  class=\"ms-slide\" data-delay=\"3\" data-fill-mode=\"fit\"  >\n\t\t\t\t\t<img decoding=\"async\" src=\"https:\/\/pdmfab.fr\/wp-content\/plugins\/master-slider\/public\/assets\/css\/blank.gif\" alt=\"PDMFAB - Laboratoire\" title=\"\" data-src=\"https:\/\/pdmfab.fr\/wp-content\/uploads\/2021\/03\/laboratoire-5-2.jpg\" \/>\n\n\n\t<img decoding=\"async\" class=\"ms-thumb lazyload\" data-src=\"https:\/\/pdmfab.fr\/wp-content\/uploads\/2021\/03\/laboratoire-5-2-140x80.jpg\" alt=\"PDMFAB - Laboratoire\" src=\"data:image\/svg+xml;base64,PHN2ZyB3aWR0aD0iMSIgaGVpZ2h0PSIxIiB4bWxucz0iaHR0cDovL3d3dy53My5vcmcvMjAwMC9zdmciPjwvc3ZnPg==\" style=\"--smush-placeholder-width: 140px; --smush-placeholder-aspect-ratio: 140\/80;\" \/>\n\t<div class=\"ms-thumb\" ><div class=\"ms-tab-context\"><div class=\"&quot;ms-tab-context&quot;\"><\/div><\/div>\n<\/div>\n\t\t\t\t<\/div>\n\n\t\t\t<\/div>\n\t\t\t<!-- END MasterSlider Main -->\n\n\t\t\t \n\t\t<\/div>\n\t\t<!-- END MasterSlider -->\n\n\t\t<script>\n\t\t(function ( $ ) {\n\t\t\t\"use strict\";\n\n\t\t\t$(function () {\n\t\t\t\tvar masterslider_80b6 = new MasterSlider();\n\n\t\t\t\t\/\/ slider controls\n\n\t\t\t\tmasterslider_80b6.control('thumblist'  ,{ autohide:false, overVideo:true, dir:'h', speed:17, inset:false, arrows:false, hover:false, customClass:'', align:'bottom',type:'thumbs', margin:5, width:140, height:80, space:5, fillMode:'fill'  });\n\t\t\t\t\/\/ slider setup\n\t\t\t\tmasterslider_80b6.setup(\"MS69e5b337e80b6\", {\n\t\t\t\t\t\twidth           : 1250,\n\t\t\t\t\t\theight          : 480,\n\t\t\t\t\t\tminHeight       : 0,\n\t\t\t\t\t\tspace           : 0,\n\t\t\t\t\t\tstart           : 1,\n\t\t\t\t\t\tgrabCursor      : true,\n\t\t\t\t\t\tswipe           : true,\n\t\t\t\t\t\tmouse           : true,\n\t\t\t\t\t\tlayout          : \"boxed\",\n\t\t\t\t\t\twheel           : false,\n\t\t\t\t\t\tautoplay        : false,\n\t\t\t\t\t\tinstantStartLayers:false,\n\t\t\t\t\t\tloop            : false,\n\t\t\t\t\t\tshuffle         : false,\n\t\t\t\t\t\tpreload         : 'all',\n\t\t\t\t\t\theightLimit     : true,\n\t\t\t\t\t\tautoHeight      : false,\n\t\t\t\t\t\tsmoothHeight    : true,\n\t\t\t\t\t\tendPause        : false,\n\t\t\t\t\t\toverPause       : true,\n\t\t\t\t\t\tfillMode        : \"fill\",\n\t\t\t\t\t\tcenterControls  : false,\n\t\t\t\t\t\tstartOnAppear   : false,\n\t\t\t\t\t\tlayersMode      : \"center\",\n\t\t\t\t\t\thideLayers      : false,\n\t\t\t\t\t\tfullscreenMargin: 0,\n\t\t\t\t\t\tspeed           : 20,\n\t\t\t\t\t\tdir             : \"h\",\n\t\t\t\t\t\tparallaxMode    : 'swipe',\n\t\t\t\t\t\tview            : \"basic\"\n\t\t\t\t});\n\n\t\t\t\t\n\t\t\t\twindow.masterslider_instances = window.masterslider_instances || [];\n\t\t\t\twindow.masterslider_instances.push( masterslider_80b6 );\n\t\t\t });\n\n\t\t})(jQuery);\n\t\t<\/script>\n\n\n<\/div>\n<\/div>\n\n<p><\/p>\n\n<div class=\"wp-block-columns links-bottom is-layout-flex wp-container-core-columns-is-layout-9d6595d7 wp-block-columns-is-layout-flex\">\n<div class=\"wp-block-column is-layout-flow wp-block-column-is-layout-flow\">\n<div class=\"wp-block-buttons is-layout-flex wp-block-buttons-is-layout-flex\">\n<div class=\"wp-block-button\"><a class=\"wp-block-button__link wp-element-button\" href=\"https:\/\/pdmfab.fr\/en\/our-values\/\">Our values &gt;<\/a><\/div>\n<\/div>\n<\/div>\n\n\n\n<div class=\"wp-block-column is-layout-flow wp-block-column-is-layout-flow\">\n<div class=\"wp-block-buttons is-layout-flex wp-block-buttons-is-layout-flex\">\n<div class=\"wp-block-button\"><a class=\"wp-block-button__link wp-element-button\" href=\"https:\/\/pdmfab.fr\/qui-sommes-nous\/\">Who are we ? &gt;<\/a><\/div>\n<\/div>\n<\/div>\n<\/div>\n\n<p><\/p>\n","protected":false},"excerpt":{"rendered":"<p>The laboratory, an integrated incubator to bring all your requests to life Our experience allows us to be able to respond to all product development requests in close collaboration with you, the customer, according to your specifications in our laboratory. The mission The daily life of our lab revolves around four main missions: We are [&hellip;]<\/p>\n","protected":false},"author":1,"featured_media":0,"parent":0,"menu_order":0,"comment_status":"closed","ping_status":"closed","template":"tp-content.php","meta":{"_acf_changed":false,"footnotes":""},"class_list":["post-406","page","type-page","status-publish","hentry"],"acf":[],"yoast_head":"<!-- This site is optimized with the Yoast SEO plugin v21.5 - https:\/\/yoast.com\/wordpress\/plugins\/seo\/ -->\n<title>The laboratory - PDMFAB - Solutions Polym\u00e8res<\/title>\n<meta name=\"description\" content=\"A true integrated incubator, the laboratory puts its experience at the service of your specifications to bring your requests to life.\" \/>\n<meta name=\"robots\" content=\"index, follow, max-snippet:-1, max-image-preview:large, max-video-preview:-1\" \/>\n<link rel=\"canonical\" href=\"https:\/\/pdmfab.fr\/en\/the-lab\/\" \/>\n<meta property=\"og:locale\" content=\"en_US\" \/>\n<meta property=\"og:type\" content=\"article\" \/>\n<meta property=\"og:title\" content=\"The laboratory - PDMFAB - Solutions Polym\u00e8res\" \/>\n<meta property=\"og:description\" content=\"A true integrated incubator, the laboratory puts its experience at the service of your specifications to bring your requests to life.\" \/>\n<meta property=\"og:url\" content=\"https:\/\/pdmfab.fr\/en\/the-lab\/\" \/>\n<meta property=\"og:site_name\" content=\"PDMFAB - Solutions Polym\u00e8res\" \/>\n<meta property=\"article:modified_time\" content=\"2025-10-13T12:13:20+00:00\" \/>\n<meta property=\"og:image\" content=\"https:\/\/pdmfab.fr\/wp-content\/uploads\/2021\/03\/annees.png\" \/>\n<meta name=\"twitter:card\" content=\"summary_large_image\" \/>\n<meta name=\"twitter:label1\" content=\"Est. reading time\" \/>\n\t<meta name=\"twitter:data1\" content=\"1 minute\" \/>\n<script type=\"application\/ld+json\" class=\"yoast-schema-graph\">{\"@context\":\"https:\/\/schema.org\",\"@graph\":[{\"@type\":\"WebPage\",\"@id\":\"https:\/\/pdmfab.fr\/en\/the-lab\/\",\"url\":\"https:\/\/pdmfab.fr\/en\/the-lab\/\",\"name\":\"The laboratory - PDMFAB - Solutions Polym\u00e8res\",\"isPartOf\":{\"@id\":\"https:\/\/pdmfab.fr\/en\/#website\"},\"datePublished\":\"2021-03-15T09:35:54+00:00\",\"dateModified\":\"2025-10-13T12:13:20+00:00\",\"description\":\"A true integrated incubator, the laboratory puts its experience at the service of your specifications to bring your requests to life.\",\"breadcrumb\":{\"@id\":\"https:\/\/pdmfab.fr\/en\/the-lab\/#breadcrumb\"},\"inLanguage\":\"en-US\",\"potentialAction\":[{\"@type\":\"ReadAction\",\"target\":[\"https:\/\/pdmfab.fr\/en\/the-lab\/\"]}]},{\"@type\":\"BreadcrumbList\",\"@id\":\"https:\/\/pdmfab.fr\/en\/the-lab\/#breadcrumb\",\"itemListElement\":[{\"@type\":\"ListItem\",\"position\":1,\"name\":\"Accueil\",\"item\":\"https:\/\/pdmfab.fr\/en\/\"},{\"@type\":\"ListItem\",\"position\":2,\"name\":\"The laboratory\"}]},{\"@type\":\"WebSite\",\"@id\":\"https:\/\/pdmfab.fr\/en\/#website\",\"url\":\"https:\/\/pdmfab.fr\/en\/\",\"name\":\"PDMFAB - Solutions Polym\u00e8res\",\"description\":\"Formulation et fabrication de d\u00e9riv\u00e9s de r\u00e9sines polyester\",\"publisher\":{\"@id\":\"https:\/\/pdmfab.fr\/en\/#organization\"},\"potentialAction\":[{\"@type\":\"SearchAction\",\"target\":{\"@type\":\"EntryPoint\",\"urlTemplate\":\"https:\/\/pdmfab.fr\/en\/?s={search_term_string}\"},\"query-input\":\"required name=search_term_string\"}],\"inLanguage\":\"en-US\"},{\"@type\":\"Organization\",\"@id\":\"https:\/\/pdmfab.fr\/en\/#organization\",\"name\":\"PDMFAB\",\"url\":\"https:\/\/pdmfab.fr\/en\/\",\"logo\":{\"@type\":\"ImageObject\",\"inLanguage\":\"en-US\",\"@id\":\"https:\/\/pdmfab.fr\/en\/#\/schema\/logo\/image\/\",\"url\":\"https:\/\/pdmfab.fr\/wp-content\/uploads\/2021\/04\/logo.png\",\"contentUrl\":\"https:\/\/pdmfab.fr\/wp-content\/uploads\/2021\/04\/logo.png\",\"width\":330,\"height\":70,\"caption\":\"PDMFAB\"},\"image\":{\"@id\":\"https:\/\/pdmfab.fr\/en\/#\/schema\/logo\/image\/\"}}]}<\/script>\n<!-- \/ Yoast SEO plugin. -->","yoast_head_json":{"title":"The laboratory - PDMFAB - Solutions Polym\u00e8res","description":"A true integrated incubator, the laboratory puts its experience at the service of your specifications to bring your requests to life.","robots":{"index":"index","follow":"follow","max-snippet":"max-snippet:-1","max-image-preview":"max-image-preview:large","max-video-preview":"max-video-preview:-1"},"canonical":"https:\/\/pdmfab.fr\/en\/the-lab\/","og_locale":"en_US","og_type":"article","og_title":"The laboratory - PDMFAB - Solutions Polym\u00e8res","og_description":"A true integrated incubator, the laboratory puts its experience at the service of your specifications to bring your requests to life.","og_url":"https:\/\/pdmfab.fr\/en\/the-lab\/","og_site_name":"PDMFAB - Solutions Polym\u00e8res","article_modified_time":"2025-10-13T12:13:20+00:00","og_image":[{"url":"https:\/\/pdmfab.fr\/wp-content\/uploads\/2021\/03\/annees.png"}],"twitter_card":"summary_large_image","twitter_misc":{"Est. reading time":"1 minute"},"schema":{"@context":"https:\/\/schema.org","@graph":[{"@type":"WebPage","@id":"https:\/\/pdmfab.fr\/en\/the-lab\/","url":"https:\/\/pdmfab.fr\/en\/the-lab\/","name":"The laboratory - PDMFAB - Solutions Polym\u00e8res","isPartOf":{"@id":"https:\/\/pdmfab.fr\/en\/#website"},"datePublished":"2021-03-15T09:35:54+00:00","dateModified":"2025-10-13T12:13:20+00:00","description":"A true integrated incubator, the laboratory puts its experience at the service of your specifications to bring your requests to life.","breadcrumb":{"@id":"https:\/\/pdmfab.fr\/en\/the-lab\/#breadcrumb"},"inLanguage":"en-US","potentialAction":[{"@type":"ReadAction","target":["https:\/\/pdmfab.fr\/en\/the-lab\/"]}]},{"@type":"BreadcrumbList","@id":"https:\/\/pdmfab.fr\/en\/the-lab\/#breadcrumb","itemListElement":[{"@type":"ListItem","position":1,"name":"Accueil","item":"https:\/\/pdmfab.fr\/en\/"},{"@type":"ListItem","position":2,"name":"The laboratory"}]},{"@type":"WebSite","@id":"https:\/\/pdmfab.fr\/en\/#website","url":"https:\/\/pdmfab.fr\/en\/","name":"PDMFAB - Solutions Polym\u00e8res","description":"Formulation et fabrication de d\u00e9riv\u00e9s de r\u00e9sines polyester","publisher":{"@id":"https:\/\/pdmfab.fr\/en\/#organization"},"potentialAction":[{"@type":"SearchAction","target":{"@type":"EntryPoint","urlTemplate":"https:\/\/pdmfab.fr\/en\/?s={search_term_string}"},"query-input":"required name=search_term_string"}],"inLanguage":"en-US"},{"@type":"Organization","@id":"https:\/\/pdmfab.fr\/en\/#organization","name":"PDMFAB","url":"https:\/\/pdmfab.fr\/en\/","logo":{"@type":"ImageObject","inLanguage":"en-US","@id":"https:\/\/pdmfab.fr\/en\/#\/schema\/logo\/image\/","url":"https:\/\/pdmfab.fr\/wp-content\/uploads\/2021\/04\/logo.png","contentUrl":"https:\/\/pdmfab.fr\/wp-content\/uploads\/2021\/04\/logo.png","width":330,"height":70,"caption":"PDMFAB"},"image":{"@id":"https:\/\/pdmfab.fr\/en\/#\/schema\/logo\/image\/"}}]}},"_links":{"self":[{"href":"https:\/\/pdmfab.fr\/en\/wp-json\/wp\/v2\/pages\/406","targetHints":{"allow":["GET"]}}],"collection":[{"href":"https:\/\/pdmfab.fr\/en\/wp-json\/wp\/v2\/pages"}],"about":[{"href":"https:\/\/pdmfab.fr\/en\/wp-json\/wp\/v2\/types\/page"}],"author":[{"embeddable":true,"href":"https:\/\/pdmfab.fr\/en\/wp-json\/wp\/v2\/users\/1"}],"replies":[{"embeddable":true,"href":"https:\/\/pdmfab.fr\/en\/wp-json\/wp\/v2\/comments?post=406"}],"version-history":[{"count":9,"href":"https:\/\/pdmfab.fr\/en\/wp-json\/wp\/v2\/pages\/406\/revisions"}],"predecessor-version":[{"id":8739,"href":"https:\/\/pdmfab.fr\/en\/wp-json\/wp\/v2\/pages\/406\/revisions\/8739"}],"wp:attachment":[{"href":"https:\/\/pdmfab.fr\/en\/wp-json\/wp\/v2\/media?parent=406"}],"curies":[{"name":"wp","href":"https:\/\/api.w.org\/{rel}","templated":true}]}}