{"id":393,"date":"2021-03-15T10:25:19","date_gmt":"2021-03-15T09:25:19","guid":{"rendered":"https:\/\/pdmfab.fr\/who-are-we\/"},"modified":"2025-10-13T14:05:06","modified_gmt":"2025-10-13T12:05:06","slug":"who-are-we","status":"publish","type":"page","link":"https:\/\/pdmfab.fr\/en\/who-are-we\/","title":{"rendered":"Who are we ?"},"content":{"rendered":"\n<h1 class=\"wp-block-heading\">A company on a human scale, expert in polyester resin derivatives<\/h1>\n\n<div class=\"wp-block-columns is-layout-flex wp-container-core-columns-is-layout-9d6595d7 wp-block-columns-is-layout-flex\">\n<div class=\"wp-block-column is-layout-flow wp-block-column-is-layout-flow\" style=\"flex-basis:100%\">\n<div class=\"wp-block-columns is-layout-flex wp-container-core-columns-is-layout-9d6595d7 wp-block-columns-is-layout-flex\">\n<div class=\"wp-block-column is-layout-flow wp-block-column-is-layout-flow\" style=\"flex-basis:33%\">\n<div class=\"date-1978\">\n<span class=\"date\">1978<\/span>\n<p>Industrial paints producer<\/p>\n<\/div>\n<div class=\"date-aujourdhui\">\n<span class=\"date\">Today<\/span>\n<p>Formulation and manufacture of polyester resin derivatives<\/p>\n<\/div>\n<\/div>\n\n\n\n<div class=\"wp-block-column is-layout-flow wp-block-column-is-layout-flow\" style=\"flex-basis:67%\">\n<h2 class=\"wp-block-heading\">Our history<\/h2>\n\n\n\n<p>Founded in 1978, PDMFAB was initially, under the name <strong>Peintures du M\u00e9doc<\/strong>, a producer of<strong>industrial glycerophthalic and polyurethane paints.<\/strong><\/p>\n\n\n\n<p>Subsequently, we quickly specialized in the <strong>formulation and manufacture of derivatives of polyester resins<\/strong>, gelcoats, mastics, casting compounds, coloring pastes and the distribution of polyester resin, glass fibers, mold release products and catalysts.<\/p>\n\n\n\n<p>Since June 2025, our company was acquired and has become <strong>Solutions Polym\u00e8res<\/strong>.<\/p>\n\n\n\n<div class=\"wp-block-buttons is-layout-flex wp-block-buttons-is-layout-flex\">\n<div class=\"wp-block-button\"><a class=\"wp-block-button__link wp-element-button\" href=\"https:\/\/pdmfab.fr\/en\/our-products\/\">Our products &gt;<\/a><\/div>\n<\/div>\n<\/div>\n<\/div>\n<\/div>\n<\/div>\n\n<h2 class=\"wp-block-heading has-text-align-center\">a dynamic team at your service<\/h2>\n\n<p class=\"has-text-align-center\">PDMFAB is a team of <strong>14 professionals<\/strong> (operators, technicians, chemists, salespeople, and administrative staff) ready to listen to you and at your service. We all work together in a benevolent microclimate and with a real team spirit to provide you with <strong>expertise and tailor-made responses<\/strong> to each of your needs.<\/p>\n<div class=\"wp-block-image\">\n<figure class=\"aligncenter size-large\"><img decoding=\"async\" width=\"1024\" height=\"473\" data-src=\"https:\/\/pdmfab.fr\/wp-content\/uploads\/2024\/01\/Photo-equipe-1024x473.jpeg\" alt=\"\" class=\"wp-image-1961 lazyload\" data-srcset=\"https:\/\/pdmfab.fr\/wp-content\/uploads\/2024\/01\/Photo-equipe-1024x473.jpeg 1024w, https:\/\/pdmfab.fr\/wp-content\/uploads\/2024\/01\/Photo-equipe-300x139.jpeg 300w, https:\/\/pdmfab.fr\/wp-content\/uploads\/2024\/01\/Photo-equipe-768x355.jpeg 768w, https:\/\/pdmfab.fr\/wp-content\/uploads\/2024\/01\/Photo-equipe.jpeg 1280w\" data-sizes=\"(max-width: 1024px) 100vw, 1024px\" src=\"data:image\/svg+xml;base64,PHN2ZyB3aWR0aD0iMSIgaGVpZ2h0PSIxIiB4bWxucz0iaHR0cDovL3d3dy53My5vcmcvMjAwMC9zdmciPjwvc3ZnPg==\" style=\"--smush-placeholder-width: 1024px; --smush-placeholder-aspect-ratio: 1024\/473;\" \/><\/figure><\/div>\n<div class=\"wp-block-columns is-layout-flex wp-container-core-columns-is-layout-9d6595d7 wp-block-columns-is-layout-flex\">\n<div class=\"wp-block-column secteurs bloc-gris is-layout-flow wp-block-column-is-layout-flow\">\n<h2 class=\"wp-block-heading has-text-align-center\">The sectors of activity to which we address<\/h2>\n\n\n\n<div class=\"wp-block-columns is-layout-flex wp-container-core-columns-is-layout-9d6595d7 wp-block-columns-is-layout-flex\">\n<div class=\"wp-block-column is-layout-flow wp-block-column-is-layout-flow\">\n<p class=\"has-text-align-left\">Naval constructions<\/p>\n<\/div>\n\n\n\n<div class=\"wp-block-column is-layout-flow wp-block-column-is-layout-flow\">\n<p class=\"has-text-align-left\">Sanitary industry<\/p>\n<\/div>\n\n\n\n<div class=\"wp-block-column is-layout-flow wp-block-column-is-layout-flow\">\n<p class=\"has-text-align-left\">Agricultural industry<\/p>\n<\/div>\n\n\n\n<div class=\"wp-block-column is-layout-flow wp-block-column-is-layout-flow\">\n<p class=\"has-text-align-left\">Building industry<\/p>\n<\/div>\n<\/div>\n\n\n\n<div class=\"wp-block-columns is-layout-flex wp-container-core-columns-is-layout-9d6595d7 wp-block-columns-is-layout-flex\">\n<div class=\"wp-block-column is-layout-flow wp-block-column-is-layout-flow\">\n<p>Isothermal bodies<\/p>\n<\/div>\n\n\n\n<div class=\"wp-block-column is-layout-flow wp-block-column-is-layout-flow\">\n<p>Various manufacturers of industrial parts<\/p>\n<\/div>\n\n\n\n<div class=\"wp-block-column is-layout-flow wp-block-column-is-layout-flow\">\n<p>Swimming pools<\/p>\n<\/div>\n\n\n\n<div class=\"wp-block-column is-layout-flow wp-block-column-is-layout-flow\">\n<p>And many others<\/p>\n<\/div>\n<\/div>\n<\/div>\n<\/div>\n\n<div class=\"wp-block-columns links-bottom is-layout-flex wp-container-core-columns-is-layout-9d6595d7 wp-block-columns-is-layout-flex\">\n<div class=\"wp-block-column is-layout-flow wp-block-column-is-layout-flow\">\n<div class=\"wp-block-buttons is-layout-flex wp-block-buttons-is-layout-flex\">\n<div class=\"wp-block-button\"><a class=\"wp-block-button__link wp-element-button\" href=\"https:\/\/pdmfab.fr\/en\/our-values\/\">Our values &gt;<\/a><\/div>\n<\/div>\n<\/div>\n\n\n\n<div class=\"wp-block-column links-bottom is-layout-flow wp-block-column-is-layout-flow\">\n<div class=\"wp-block-buttons links-bottom is-horizontal is-content-justification-center is-layout-flex wp-container-core-buttons-is-layout-499968f5 wp-block-buttons-is-layout-flex\">\n<div class=\"wp-block-button links-bottom\"><a class=\"wp-block-button__link wp-element-button\" href=\"https:\/\/pdmfab.fr\/le-labo\/\">The lab &gt;<\/a><\/div>\n<\/div>\n<\/div>\n<\/div>\n\n<p><\/p>\n","protected":false},"excerpt":{"rendered":"<p>A company on a human scale, expert in polyester resin derivatives 1978 Industrial paints producer Today Formulation and manufacture of polyester resin derivatives Our history Founded in 1978, PDMFAB was initially, under the name Peintures du M\u00e9doc, a producer ofindustrial glycerophthalic and polyurethane paints. Subsequently, we quickly specialized in the formulation and manufacture of derivatives [&hellip;]<\/p>\n","protected":false},"author":1,"featured_media":0,"parent":0,"menu_order":0,"comment_status":"closed","ping_status":"closed","template":"tp-content.php","meta":{"_acf_changed":false,"footnotes":""},"class_list":["post-393","page","type-page","status-publish","hentry"],"acf":[],"yoast_head":"<!-- This site is optimized with the Yoast SEO plugin v21.5 - https:\/\/yoast.com\/wordpress\/plugins\/seo\/ -->\n<title>Who are we ? - PDMFAB - Solutions Polym\u00e8res<\/title>\n<meta name=\"description\" content=\"PDMFAB: company, expert in polyester resin derivatives, made up of 18 professionals at the service of each of your requests.\" \/>\n<meta name=\"robots\" content=\"index, follow, max-snippet:-1, max-image-preview:large, max-video-preview:-1\" \/>\n<link rel=\"canonical\" href=\"https:\/\/pdmfab.fr\/en\/who-are-we\/\" \/>\n<meta property=\"og:locale\" content=\"en_US\" \/>\n<meta property=\"og:type\" content=\"article\" \/>\n<meta property=\"og:title\" content=\"Who are we ? - PDMFAB - Solutions Polym\u00e8res\" \/>\n<meta property=\"og:description\" content=\"PDMFAB: company, expert in polyester resin derivatives, made up of 18 professionals at the service of each of your requests.\" \/>\n<meta property=\"og:url\" content=\"https:\/\/pdmfab.fr\/en\/who-are-we\/\" \/>\n<meta property=\"og:site_name\" content=\"PDMFAB - Solutions Polym\u00e8res\" \/>\n<meta property=\"article:modified_time\" content=\"2025-10-13T12:05:06+00:00\" \/>\n<meta property=\"og:image\" content=\"https:\/\/pdmfab.fr\/wp-content\/uploads\/2024\/01\/Photo-equipe-1024x473.jpeg\" \/>\n<meta name=\"twitter:card\" content=\"summary_large_image\" \/>\n<meta name=\"twitter:label1\" content=\"Est. reading time\" \/>\n\t<meta name=\"twitter:data1\" content=\"1 minute\" \/>\n<script type=\"application\/ld+json\" class=\"yoast-schema-graph\">{\"@context\":\"https:\/\/schema.org\",\"@graph\":[{\"@type\":\"WebPage\",\"@id\":\"https:\/\/pdmfab.fr\/en\/who-are-we\/\",\"url\":\"https:\/\/pdmfab.fr\/en\/who-are-we\/\",\"name\":\"Who are we ? - PDMFAB - Solutions Polym\u00e8res\",\"isPartOf\":{\"@id\":\"https:\/\/pdmfab.fr\/en\/#website\"},\"datePublished\":\"2021-03-15T09:25:19+00:00\",\"dateModified\":\"2025-10-13T12:05:06+00:00\",\"description\":\"PDMFAB: company, expert in polyester resin derivatives, made up of 18 professionals at the service of each of your requests.\",\"breadcrumb\":{\"@id\":\"https:\/\/pdmfab.fr\/en\/who-are-we\/#breadcrumb\"},\"inLanguage\":\"en-US\",\"potentialAction\":[{\"@type\":\"ReadAction\",\"target\":[\"https:\/\/pdmfab.fr\/en\/who-are-we\/\"]}]},{\"@type\":\"BreadcrumbList\",\"@id\":\"https:\/\/pdmfab.fr\/en\/who-are-we\/#breadcrumb\",\"itemListElement\":[{\"@type\":\"ListItem\",\"position\":1,\"name\":\"Accueil\",\"item\":\"https:\/\/pdmfab.fr\/en\/\"},{\"@type\":\"ListItem\",\"position\":2,\"name\":\"Who are we ?\"}]},{\"@type\":\"WebSite\",\"@id\":\"https:\/\/pdmfab.fr\/en\/#website\",\"url\":\"https:\/\/pdmfab.fr\/en\/\",\"name\":\"PDMFAB - Solutions Polym\u00e8res\",\"description\":\"Formulation et fabrication de d\u00e9riv\u00e9s de r\u00e9sines polyester\",\"publisher\":{\"@id\":\"https:\/\/pdmfab.fr\/en\/#organization\"},\"potentialAction\":[{\"@type\":\"SearchAction\",\"target\":{\"@type\":\"EntryPoint\",\"urlTemplate\":\"https:\/\/pdmfab.fr\/en\/?s={search_term_string}\"},\"query-input\":\"required name=search_term_string\"}],\"inLanguage\":\"en-US\"},{\"@type\":\"Organization\",\"@id\":\"https:\/\/pdmfab.fr\/en\/#organization\",\"name\":\"PDMFAB\",\"url\":\"https:\/\/pdmfab.fr\/en\/\",\"logo\":{\"@type\":\"ImageObject\",\"inLanguage\":\"en-US\",\"@id\":\"https:\/\/pdmfab.fr\/en\/#\/schema\/logo\/image\/\",\"url\":\"https:\/\/pdmfab.fr\/wp-content\/uploads\/2021\/04\/logo.png\",\"contentUrl\":\"https:\/\/pdmfab.fr\/wp-content\/uploads\/2021\/04\/logo.png\",\"width\":330,\"height\":70,\"caption\":\"PDMFAB\"},\"image\":{\"@id\":\"https:\/\/pdmfab.fr\/en\/#\/schema\/logo\/image\/\"}}]}<\/script>\n<!-- \/ Yoast SEO plugin. -->","yoast_head_json":{"title":"Who are we ? - PDMFAB - Solutions Polym\u00e8res","description":"PDMFAB: company, expert in polyester resin derivatives, made up of 18 professionals at the service of each of your requests.","robots":{"index":"index","follow":"follow","max-snippet":"max-snippet:-1","max-image-preview":"max-image-preview:large","max-video-preview":"max-video-preview:-1"},"canonical":"https:\/\/pdmfab.fr\/en\/who-are-we\/","og_locale":"en_US","og_type":"article","og_title":"Who are we ? - PDMFAB - Solutions Polym\u00e8res","og_description":"PDMFAB: company, expert in polyester resin derivatives, made up of 18 professionals at the service of each of your requests.","og_url":"https:\/\/pdmfab.fr\/en\/who-are-we\/","og_site_name":"PDMFAB - Solutions Polym\u00e8res","article_modified_time":"2025-10-13T12:05:06+00:00","og_image":[{"url":"https:\/\/pdmfab.fr\/wp-content\/uploads\/2024\/01\/Photo-equipe-1024x473.jpeg"}],"twitter_card":"summary_large_image","twitter_misc":{"Est. reading time":"1 minute"},"schema":{"@context":"https:\/\/schema.org","@graph":[{"@type":"WebPage","@id":"https:\/\/pdmfab.fr\/en\/who-are-we\/","url":"https:\/\/pdmfab.fr\/en\/who-are-we\/","name":"Who are we ? - PDMFAB - Solutions Polym\u00e8res","isPartOf":{"@id":"https:\/\/pdmfab.fr\/en\/#website"},"datePublished":"2021-03-15T09:25:19+00:00","dateModified":"2025-10-13T12:05:06+00:00","description":"PDMFAB: company, expert in polyester resin derivatives, made up of 18 professionals at the service of each of your requests.","breadcrumb":{"@id":"https:\/\/pdmfab.fr\/en\/who-are-we\/#breadcrumb"},"inLanguage":"en-US","potentialAction":[{"@type":"ReadAction","target":["https:\/\/pdmfab.fr\/en\/who-are-we\/"]}]},{"@type":"BreadcrumbList","@id":"https:\/\/pdmfab.fr\/en\/who-are-we\/#breadcrumb","itemListElement":[{"@type":"ListItem","position":1,"name":"Accueil","item":"https:\/\/pdmfab.fr\/en\/"},{"@type":"ListItem","position":2,"name":"Who are we ?"}]},{"@type":"WebSite","@id":"https:\/\/pdmfab.fr\/en\/#website","url":"https:\/\/pdmfab.fr\/en\/","name":"PDMFAB - Solutions Polym\u00e8res","description":"Formulation et fabrication de d\u00e9riv\u00e9s de r\u00e9sines polyester","publisher":{"@id":"https:\/\/pdmfab.fr\/en\/#organization"},"potentialAction":[{"@type":"SearchAction","target":{"@type":"EntryPoint","urlTemplate":"https:\/\/pdmfab.fr\/en\/?s={search_term_string}"},"query-input":"required name=search_term_string"}],"inLanguage":"en-US"},{"@type":"Organization","@id":"https:\/\/pdmfab.fr\/en\/#organization","name":"PDMFAB","url":"https:\/\/pdmfab.fr\/en\/","logo":{"@type":"ImageObject","inLanguage":"en-US","@id":"https:\/\/pdmfab.fr\/en\/#\/schema\/logo\/image\/","url":"https:\/\/pdmfab.fr\/wp-content\/uploads\/2021\/04\/logo.png","contentUrl":"https:\/\/pdmfab.fr\/wp-content\/uploads\/2021\/04\/logo.png","width":330,"height":70,"caption":"PDMFAB"},"image":{"@id":"https:\/\/pdmfab.fr\/en\/#\/schema\/logo\/image\/"}}]}},"_links":{"self":[{"href":"https:\/\/pdmfab.fr\/en\/wp-json\/wp\/v2\/pages\/393","targetHints":{"allow":["GET"]}}],"collection":[{"href":"https:\/\/pdmfab.fr\/en\/wp-json\/wp\/v2\/pages"}],"about":[{"href":"https:\/\/pdmfab.fr\/en\/wp-json\/wp\/v2\/types\/page"}],"author":[{"embeddable":true,"href":"https:\/\/pdmfab.fr\/en\/wp-json\/wp\/v2\/users\/1"}],"replies":[{"embeddable":true,"href":"https:\/\/pdmfab.fr\/en\/wp-json\/wp\/v2\/comments?post=393"}],"version-history":[{"count":15,"href":"https:\/\/pdmfab.fr\/en\/wp-json\/wp\/v2\/pages\/393\/revisions"}],"predecessor-version":[{"id":8736,"href":"https:\/\/pdmfab.fr\/en\/wp-json\/wp\/v2\/pages\/393\/revisions\/8736"}],"wp:attachment":[{"href":"https:\/\/pdmfab.fr\/en\/wp-json\/wp\/v2\/media?parent=393"}],"curies":[{"name":"wp","href":"https:\/\/api.w.org\/{rel}","templated":true}]}}