{"id":286,"date":"2021-03-08T17:18:52","date_gmt":"2021-03-08T16:18:52","guid":{"rendered":"https:\/\/pdmfab.fr\/accueil\/"},"modified":"2025-10-13T14:10:21","modified_gmt":"2025-10-13T12:10:21","slug":"accueil","status":"publish","type":"page","link":"https:\/\/pdmfab.fr\/en\/","title":{"rendered":"Home"},"content":{"rendered":"\n<h1 class=\"wp-block-heading\">Formulation and manufacture of polyester resin derivatives<\/h1>\n\n<h2 class=\"wp-block-heading\">Who are we ?<\/h2>\n\n<h3 class=\"wp-block-heading\">PDMFAB recognized expertise in polymer solutions<\/h3>\n\n<p><strong>PDMFAB is above all a young and dynamic team of 14 professionals at the service of, and attentive to, each of your requests.<\/strong><\/p>\n\n<p>It is also a family business built around six fundamental values that are its strength and success today: responsiveness, customization, digital, efficiency, closeness, responsible ethics\/security.<\/p>\n\n<div class=\"wp-block-columns is-layout-flex wp-container-core-columns-is-layout-9d6595d7 wp-block-columns-is-layout-flex\">\n<div class=\"wp-block-column is-layout-flow wp-block-column-is-layout-flow\" style=\"flex-basis:100%\">\n<div class=\"wp-block-columns pictos is-layout-flex wp-container-core-columns-is-layout-9d6595d7 wp-block-columns-is-layout-flex\">\n<div class=\"wp-block-column is-layout-flow wp-block-column-is-layout-flow\">\n<figure class=\"wp-block-image size-large\"><img decoding=\"async\" width=\"55\" height=\"55\" data-src=\"https:\/\/pdmfab.fr\/wp-content\/uploads\/2021\/03\/clients.png\" alt=\"400 clients in France, overseas territories and abroad\" class=\"wp-image-48 lazyload\" src=\"data:image\/svg+xml;base64,PHN2ZyB3aWR0aD0iMSIgaGVpZ2h0PSIxIiB4bWxucz0iaHR0cDovL3d3dy53My5vcmcvMjAwMC9zdmciPjwvc3ZnPg==\" style=\"--smush-placeholder-width: 55px; --smush-placeholder-aspect-ratio: 55\/55;\" \/><\/figure>\n\n\n\n<h4 class=\"wp-block-heading has-text-align-center\">400 clients<br\/><\/h4>\n\n\n\n<p class=\"has-text-align-center\">in France, overseas territories and abroad<\/p>\n<\/div>\n\n\n\n<div class=\"wp-block-column is-layout-flow wp-block-column-is-layout-flow\">\n<figure class=\"wp-block-image size-large\"><img decoding=\"async\" width=\"43\" height=\"58\" data-src=\"https:\/\/pdmfab.fr\/wp-content\/uploads\/2021\/03\/operateurs.png\" alt=\"14 technicians, chemists, sales and administrative operators\" class=\"wp-image-49 lazyload\" src=\"data:image\/svg+xml;base64,PHN2ZyB3aWR0aD0iMSIgaGVpZ2h0PSIxIiB4bWxucz0iaHR0cDovL3d3dy53My5vcmcvMjAwMC9zdmciPjwvc3ZnPg==\" style=\"--smush-placeholder-width: 43px; --smush-placeholder-aspect-ratio: 43\/58;\" \/><\/figure>\n\n\n\n<h4 class=\"wp-block-heading has-text-align-center\">14 Operators<\/h4>\n\n\n\n<p class=\"has-text-align-center\">technicians, chemists, salespeople, and administrative staff<\/p>\n<\/div>\n\n\n\n<div class=\"wp-block-column is-layout-flow wp-block-column-is-layout-flow\">\n<figure class=\"wp-block-image size-large\"><img decoding=\"async\" width=\"56\" height=\"56\" data-src=\"https:\/\/pdmfab.fr\/wp-content\/uploads\/2021\/03\/annees.png\" alt=\"40 years of experience\" class=\"wp-image-50 lazyload\" src=\"data:image\/svg+xml;base64,PHN2ZyB3aWR0aD0iMSIgaGVpZ2h0PSIxIiB4bWxucz0iaHR0cDovL3d3dy53My5vcmcvMjAwMC9zdmciPjwvc3ZnPg==\" style=\"--smush-placeholder-width: 56px; --smush-placeholder-aspect-ratio: 56\/56;\" \/><\/figure>\n\n\n\n<h4 class=\"wp-block-heading\">+ 40 years<br\/><\/h4>\n\n\n\n<p>of experience<\/p>\n<\/div>\n\n\n\n<div class=\"wp-block-column is-layout-flow wp-block-column-is-layout-flow\">\n<figure class=\"wp-block-image size-medium is-resized\"><a href=\"https:\/\/www.lafrenchfab.fr\/presentation\/\" target=\"_blank\" rel=\"noopener\"><img decoding=\"async\" width=\"300\" height=\"185\" data-src=\"https:\/\/pdmfab.fr\/wp-content\/uploads\/2021\/03\/la-french-fab-300x185.png\" alt=\"La French Fab\" class=\"wp-image-46 lazyload\" style=\"--smush-placeholder-width: 300px; --smush-placeholder-aspect-ratio: 300\/185;width:150px;height:93px\" data-srcset=\"https:\/\/pdmfab.fr\/wp-content\/uploads\/2021\/03\/la-french-fab-300x185.png 300w, https:\/\/pdmfab.fr\/wp-content\/uploads\/2021\/03\/la-french-fab-1024x631.png 1024w, https:\/\/pdmfab.fr\/wp-content\/uploads\/2021\/03\/la-french-fab-768x474.png 768w, https:\/\/pdmfab.fr\/wp-content\/uploads\/2021\/03\/la-french-fab-1536x947.png 1536w, https:\/\/pdmfab.fr\/wp-content\/uploads\/2021\/03\/la-french-fab.png 1894w\" data-sizes=\"(max-width: 300px) 100vw, 300px\" src=\"data:image\/svg+xml;base64,PHN2ZyB3aWR0aD0iMSIgaGVpZ2h0PSIxIiB4bWxucz0iaHR0cDovL3d3dy53My5vcmcvMjAwMC9zdmciPjwvc3ZnPg==\" \/><\/a><\/figure>\n<\/div>\n<\/div>\n\n\n\n<p><\/p>\n<\/div>\n<\/div>\n\n<div class=\"wp-block-columns is-layout-flex wp-container-core-columns-is-layout-9d6595d7 wp-block-columns-is-layout-flex\">\n<div class=\"wp-block-column right is-layout-flow wp-block-column-is-layout-flow\">\n<div class=\"wp-block-buttons is-horizontal is-content-justification-center is-layout-flex wp-container-core-buttons-is-layout-499968f5 wp-block-buttons-is-layout-flex\">\n<div class=\"wp-block-button\"><a class=\"wp-block-button__link wp-element-button\" href=\"https:\/\/pdmfab.fr\/qui-sommes-nous\/\">Who are we ? &gt;<\/a><\/div>\n\n\n\n<div class=\"wp-block-button\"><a class=\"wp-block-button__link wp-element-button\" href=\"https:\/\/pdmfab.fr\/en\/our-values\/\">Our values &gt;<\/a><\/div>\n<\/div>\n<\/div>\n<\/div>\n","protected":false},"excerpt":{"rendered":"<p>Formulation and manufacture of polyester resin derivatives Who are we ? PDMFAB recognized expertise in polymer solutions PDMFAB is above all a young and dynamic team of 14 professionals at the service of, and attentive to, each of your requests. It is also a family business built around six fundamental values that are its strength [&hellip;]<\/p>\n","protected":false},"author":1,"featured_media":0,"parent":0,"menu_order":0,"comment_status":"closed","ping_status":"closed","template":"tp-homepage.php","meta":{"_acf_changed":false,"footnotes":""},"class_list":["post-286","page","type-page","status-publish","hentry"],"acf":[],"yoast_head":"<!-- This site is optimized with the Yoast SEO plugin v21.5 - https:\/\/yoast.com\/wordpress\/plugins\/seo\/ -->\n<title>Formulation and manufacture of polyester resin derivatives - PDMFAB - Solutions Polym\u00e8res<\/title>\n<meta name=\"description\" content=\"PDMFAB, Formulation and manufacture of polyester resin derivatives, Gelcoats, Mastics, Pouring compounds, Coloring pastes, Glass fibers ...\" \/>\n<meta name=\"robots\" content=\"index, follow, max-snippet:-1, max-image-preview:large, max-video-preview:-1\" \/>\n<link rel=\"canonical\" href=\"https:\/\/pdmfab.fr\/en\/\" \/>\n<meta property=\"og:locale\" content=\"en_US\" \/>\n<meta property=\"og:type\" content=\"article\" \/>\n<meta property=\"og:title\" content=\"Formulation and manufacture of polyester resin derivatives - PDMFAB - Solutions Polym\u00e8res\" \/>\n<meta property=\"og:description\" content=\"PDMFAB, Formulation and manufacture of polyester resin derivatives, Gelcoats, Mastics, Pouring compounds, Coloring pastes, Glass fibers ...\" \/>\n<meta property=\"og:url\" content=\"https:\/\/pdmfab.fr\/en\/\" \/>\n<meta property=\"og:site_name\" content=\"PDMFAB - Solutions Polym\u00e8res\" \/>\n<meta property=\"article:modified_time\" content=\"2025-10-13T12:10:21+00:00\" \/>\n<meta property=\"og:image\" content=\"https:\/\/pdmfab.fr\/wp-content\/uploads\/2021\/03\/clients.png\" \/>\n<meta name=\"twitter:card\" content=\"summary_large_image\" \/>\n<meta name=\"twitter:label1\" content=\"Est. reading time\" \/>\n\t<meta name=\"twitter:data1\" content=\"2 minutes\" \/>\n<script type=\"application\/ld+json\" class=\"yoast-schema-graph\">{\"@context\":\"https:\/\/schema.org\",\"@graph\":[{\"@type\":\"WebPage\",\"@id\":\"https:\/\/pdmfab.fr\/en\/\",\"url\":\"https:\/\/pdmfab.fr\/en\/\",\"name\":\"Formulation and manufacture of polyester resin derivatives - PDMFAB - Solutions Polym\u00e8res\",\"isPartOf\":{\"@id\":\"https:\/\/pdmfab.fr\/en\/#website\"},\"datePublished\":\"2021-03-08T16:18:52+00:00\",\"dateModified\":\"2025-10-13T12:10:21+00:00\",\"description\":\"PDMFAB, Formulation and manufacture of polyester resin derivatives, Gelcoats, Mastics, Pouring compounds, Coloring pastes, Glass fibers ...\",\"breadcrumb\":{\"@id\":\"https:\/\/pdmfab.fr\/en\/#breadcrumb\"},\"inLanguage\":\"en-US\",\"potentialAction\":[{\"@type\":\"ReadAction\",\"target\":[\"https:\/\/pdmfab.fr\/en\/\"]}]},{\"@type\":\"BreadcrumbList\",\"@id\":\"https:\/\/pdmfab.fr\/en\/#breadcrumb\",\"itemListElement\":[{\"@type\":\"ListItem\",\"position\":1,\"name\":\"Accueil\",\"item\":\"https:\/\/pdmfab.fr\/en\/\"},{\"@type\":\"ListItem\",\"position\":2,\"name\":\"Home\"}]},{\"@type\":\"WebSite\",\"@id\":\"https:\/\/pdmfab.fr\/en\/#website\",\"url\":\"https:\/\/pdmfab.fr\/en\/\",\"name\":\"PDMFAB - Solutions Polym\u00e8res\",\"description\":\"Formulation et fabrication de d\u00e9riv\u00e9s de r\u00e9sines polyester\",\"publisher\":{\"@id\":\"https:\/\/pdmfab.fr\/en\/#organization\"},\"potentialAction\":[{\"@type\":\"SearchAction\",\"target\":{\"@type\":\"EntryPoint\",\"urlTemplate\":\"https:\/\/pdmfab.fr\/en\/?s={search_term_string}\"},\"query-input\":\"required name=search_term_string\"}],\"inLanguage\":\"en-US\"},{\"@type\":\"Organization\",\"@id\":\"https:\/\/pdmfab.fr\/en\/#organization\",\"name\":\"PDMFAB\",\"url\":\"https:\/\/pdmfab.fr\/en\/\",\"logo\":{\"@type\":\"ImageObject\",\"inLanguage\":\"en-US\",\"@id\":\"https:\/\/pdmfab.fr\/en\/#\/schema\/logo\/image\/\",\"url\":\"https:\/\/pdmfab.fr\/wp-content\/uploads\/2021\/04\/logo.png\",\"contentUrl\":\"https:\/\/pdmfab.fr\/wp-content\/uploads\/2021\/04\/logo.png\",\"width\":330,\"height\":70,\"caption\":\"PDMFAB\"},\"image\":{\"@id\":\"https:\/\/pdmfab.fr\/en\/#\/schema\/logo\/image\/\"}}]}<\/script>\n<!-- \/ Yoast SEO plugin. -->","yoast_head_json":{"title":"Formulation and manufacture of polyester resin derivatives - PDMFAB - Solutions Polym\u00e8res","description":"PDMFAB, Formulation and manufacture of polyester resin derivatives, Gelcoats, Mastics, Pouring compounds, Coloring pastes, Glass fibers ...","robots":{"index":"index","follow":"follow","max-snippet":"max-snippet:-1","max-image-preview":"max-image-preview:large","max-video-preview":"max-video-preview:-1"},"canonical":"https:\/\/pdmfab.fr\/en\/","og_locale":"en_US","og_type":"article","og_title":"Formulation and manufacture of polyester resin derivatives - PDMFAB - Solutions Polym\u00e8res","og_description":"PDMFAB, Formulation and manufacture of polyester resin derivatives, Gelcoats, Mastics, Pouring compounds, Coloring pastes, Glass fibers ...","og_url":"https:\/\/pdmfab.fr\/en\/","og_site_name":"PDMFAB - Solutions Polym\u00e8res","article_modified_time":"2025-10-13T12:10:21+00:00","og_image":[{"url":"https:\/\/pdmfab.fr\/wp-content\/uploads\/2021\/03\/clients.png"}],"twitter_card":"summary_large_image","twitter_misc":{"Est. reading time":"2 minutes"},"schema":{"@context":"https:\/\/schema.org","@graph":[{"@type":"WebPage","@id":"https:\/\/pdmfab.fr\/en\/","url":"https:\/\/pdmfab.fr\/en\/","name":"Formulation and manufacture of polyester resin derivatives - PDMFAB - Solutions Polym\u00e8res","isPartOf":{"@id":"https:\/\/pdmfab.fr\/en\/#website"},"datePublished":"2021-03-08T16:18:52+00:00","dateModified":"2025-10-13T12:10:21+00:00","description":"PDMFAB, Formulation and manufacture of polyester resin derivatives, Gelcoats, Mastics, Pouring compounds, Coloring pastes, Glass fibers ...","breadcrumb":{"@id":"https:\/\/pdmfab.fr\/en\/#breadcrumb"},"inLanguage":"en-US","potentialAction":[{"@type":"ReadAction","target":["https:\/\/pdmfab.fr\/en\/"]}]},{"@type":"BreadcrumbList","@id":"https:\/\/pdmfab.fr\/en\/#breadcrumb","itemListElement":[{"@type":"ListItem","position":1,"name":"Accueil","item":"https:\/\/pdmfab.fr\/en\/"},{"@type":"ListItem","position":2,"name":"Home"}]},{"@type":"WebSite","@id":"https:\/\/pdmfab.fr\/en\/#website","url":"https:\/\/pdmfab.fr\/en\/","name":"PDMFAB - Solutions Polym\u00e8res","description":"Formulation et fabrication de d\u00e9riv\u00e9s de r\u00e9sines polyester","publisher":{"@id":"https:\/\/pdmfab.fr\/en\/#organization"},"potentialAction":[{"@type":"SearchAction","target":{"@type":"EntryPoint","urlTemplate":"https:\/\/pdmfab.fr\/en\/?s={search_term_string}"},"query-input":"required name=search_term_string"}],"inLanguage":"en-US"},{"@type":"Organization","@id":"https:\/\/pdmfab.fr\/en\/#organization","name":"PDMFAB","url":"https:\/\/pdmfab.fr\/en\/","logo":{"@type":"ImageObject","inLanguage":"en-US","@id":"https:\/\/pdmfab.fr\/en\/#\/schema\/logo\/image\/","url":"https:\/\/pdmfab.fr\/wp-content\/uploads\/2021\/04\/logo.png","contentUrl":"https:\/\/pdmfab.fr\/wp-content\/uploads\/2021\/04\/logo.png","width":330,"height":70,"caption":"PDMFAB"},"image":{"@id":"https:\/\/pdmfab.fr\/en\/#\/schema\/logo\/image\/"}}]}},"_links":{"self":[{"href":"https:\/\/pdmfab.fr\/en\/wp-json\/wp\/v2\/pages\/286","targetHints":{"allow":["GET"]}}],"collection":[{"href":"https:\/\/pdmfab.fr\/en\/wp-json\/wp\/v2\/pages"}],"about":[{"href":"https:\/\/pdmfab.fr\/en\/wp-json\/wp\/v2\/types\/page"}],"author":[{"embeddable":true,"href":"https:\/\/pdmfab.fr\/en\/wp-json\/wp\/v2\/users\/1"}],"replies":[{"embeddable":true,"href":"https:\/\/pdmfab.fr\/en\/wp-json\/wp\/v2\/comments?post=286"}],"version-history":[{"count":15,"href":"https:\/\/pdmfab.fr\/en\/wp-json\/wp\/v2\/pages\/286\/revisions"}],"predecessor-version":[{"id":8738,"href":"https:\/\/pdmfab.fr\/en\/wp-json\/wp\/v2\/pages\/286\/revisions\/8738"}],"wp:attachment":[{"href":"https:\/\/pdmfab.fr\/en\/wp-json\/wp\/v2\/media?parent=286"}],"curies":[{"name":"wp","href":"https:\/\/api.w.org\/{rel}","templated":true}]}}